{"id":407,"date":"2026-04-06T12:49:10","date_gmt":"2026-04-06T12:49:10","guid":{"rendered":"https:\/\/demosites.io\/real-estate\/neighborhoods\/"},"modified":"2026-05-16T21:52:48","modified_gmt":"2026-05-16T21:52:48","slug":"publications","status":"publish","type":"page","link":"https:\/\/herrera-traybel.com\/?page_id=407","title":{"rendered":"publicaciones"},"content":{"rendered":"\n<section class=\"wp-block-atomic-wind-box relative bg-[var(--nv-dark-bg)] py-32 md:py-40 px-6\">\n<img data-recalc-dims=\"1\" decoding=\"async\" class=\"wp-block-atomic-wind-image absolute inset-0 w-full h-full object-cover opacity-30\" src=\"https:\/\/i0.wp.com\/herrera-traybel.com\/wp-content\/uploads\/2022\/03\/cropped-cropped-bg-arreo-al-paraiso-1.png?w=1200&#038;ssl=1\" alt=\"\"\/>\n\n\n\n<div class=\"wp-block-atomic-wind-box relative max-w-5xl mx-auto text-center flex flex-col items-center gap-6\">\n<span class=\"wp-block-atomic-wind-text text-xs font-sans font-semibold uppercase tracking-[0.25em] text-[var(--nv-c-1)]\" data-rich-text=\"\">DESCUBRI<\/span>\n\n\n\n<h1 class=\"wp-block-atomic-wind-text text-[var(--nv-text-dark-bg)] text-center\" data-rich-text=\"\">Publicaciones<\/h1>\n\n\n\n<p class=\"wp-block-atomic-wind-text text-lg md:text-xl text-[var(--nv-text-dark-bg)] opacity-80 max-w-2xl\" data-rich-text=\"\">Disponible en tres idiomas y en versi\u00f3n papel o e-book<\/p>\n<\/div>\n<\/section>\n\n\n\n<section class=\"wp-block-atomic-wind-box bg-[var(--nv-site-bg)] py-20 px-6\">\n<div class=\"wp-block-atomic-wind-box max-w-3xl mx-auto text-center flex flex-col gap-6\">\n<span class=\"wp-block-atomic-wind-text text-xs font-sans font-semibold uppercase tracking-[0.25em] text-[var(--nv-primary-accent)]\" data-rich-text=\"\">versiones<\/span>\n\n\n\n<h2 class=\"wp-block-atomic-wind-text text-[var(--nv-text-color)]\" data-rich-text=\"\">Publicado en version papel blanco y negro<\/h2>\n\n\n\n<p class=\"wp-block-atomic-wind-text text-[var(--nv-c-2)] leading-relaxed max-w-2xl mx-auto\" data-rich-text=\"\">Pero tambi\u00e9n disponible en Amazon Kindle, Audible y hasta incluso tapa dura.<\/p>\n<\/div>\n<\/section>\n\n\n\n<section class=\"wp-block-atomic-wind-box bg-[var(--nv-site-bg)] py-20 px-6\">\n<div class=\"wp-block-atomic-wind-box max-w-6xl mx-auto flex flex-col md:flex-row gap-10 items-center\">\n<div class=\"wp-block-atomic-wind-box w-full md:w-1\/2\">\n<img data-recalc-dims=\"1\" decoding=\"async\" class=\"wp-block-atomic-wind-image w-full h-80 object-cover rounded-sm\" src=\"https:\/\/i0.wp.com\/herrera-traybel.com\/wp-content\/uploads\/2026\/05\/Mock-up-ES-3-1.jpg?w=1200&#038;ssl=1\" alt=\"\"\/>\n<\/div>\n\n\n\n<div class=\"wp-block-atomic-wind-box w-full md:w-1\/2 flex flex-col gap-4\">\n<span class=\"wp-block-atomic-wind-text text-xs font-sans font-semibold uppercase tracking-[0.25em] text-[var(--nv-primary-accent)]\" data-rich-text=\"\">El original<\/span>\n\n\n\n<h2 class=\"wp-block-atomic-wind-text text-[var(--nv-text-color)]\" data-rich-text=\"\">Patagonia Infinita<\/h2>\n\n\n\n<p class=\"wp-block-atomic-wind-text text-[var(--nv-c-2)] leading-relaxed\" data-rich-text=\"\">El primer t\u00edtulo en ver la luz y marcar el camino de la autopublicaci\u00f3n.<br>Disponible en Amazon y librer\u00edas selectas en Argentina.<br>Se public\u00f3 en Audible.com con voz virtual y en Kindle e-book.<\/p>\n\n\n\n<div class=\"wp-block-atomic-wind-box flex flex-wrap gap-3 mt-2\">\n<span class=\"wp-block-atomic-wind-text text-xs font-sans font-semibold uppercase tracking-wider px-3 py-1 border border-[var(--nv-primary-accent)] text-[var(--nv-primary-accent)] rounded-sm\" data-rich-text=\"\">HISTORIA<\/span>\n\n\n\n<span class=\"wp-block-atomic-wind-text text-xs font-sans font-semibold uppercase tracking-wider px-3 py-1 border border-[var(--nv-primary-accent)] text-[var(--nv-primary-accent)] rounded-sm\" data-rich-text=\"\">GEOGRAFIA<\/span>\n\n\n\n<span class=\"wp-block-atomic-wind-text text-xs font-sans font-semibold uppercase tracking-wider px-3 py-1 border border-[var(--nv-primary-accent)] text-[var(--nv-primary-accent)] rounded-sm\" data-rich-text=\"\">BOTANICA<\/span>\n\n\n\n<span class=\"wp-block-atomic-wind-text text-xs font-sans font-semibold uppercase tracking-wider px-3 py-1 border border-[var(--nv-primary-accent)] text-[var(--nv-primary-accent)] rounded-sm\" data-rich-text=\"\">CULTURA<\/span>\n<\/div>\n\n\n\n<div class=\"wp-block-atomic-wind-box flex items-center justify-between mt-4\">\n<span class=\"wp-block-atomic-wind-text text-lg font-semibold text-[var(--nv-c-1)]\" data-rich-text=\"\">\u2605\u2605\u2605\u2605\u2606 4.5 \u00b7 50 opiniones<\/span>\n\n\n\n<a class=\"wp-block-atomic-wind-link text-sm font-sans font-semibold uppercase tracking-wider text-[var(--nv-primary-accent)] hover:opacity-70 transition-opacity\" href=\"https:\/\/www.goodreads.com\/es\/book\/show\/60648497-patagonia-infinita\">Explore \u2192<\/a>\n<\/div>\n<\/div>\n<\/div>\n<\/section>\n\n\n\n<section class=\"wp-block-atomic-wind-box bg-[var(--nv-light-bg)] py-20 px-6\">\n<div class=\"wp-block-atomic-wind-box max-w-6xl mx-auto flex flex-col md:flex-row-reverse gap-10 items-center\">\n<div class=\"wp-block-atomic-wind-box w-full md:w-1\/2\">\n<img data-recalc-dims=\"1\" decoding=\"async\" class=\"wp-block-atomic-wind-image w-full h-80 object-cover rounded-sm\" src=\"https:\/\/i0.wp.com\/herrera-traybel.com\/wp-content\/uploads\/2026\/05\/Mock-up-EN-2.jpg?w=1200&#038;ssl=1\" alt=\"\"\/>\n<\/div>\n\n\n\n<div class=\"wp-block-atomic-wind-box w-full md:w-1\/2 flex flex-col gap-4\">\n<span class=\"wp-block-atomic-wind-text text-xs font-sans font-semibold uppercase tracking-[0.25em] text-[var(--nv-primary-accent)]\" data-rich-text=\"\">el segundo es despu\u00e9s del primero<\/span>\n\n\n\n<h2 class=\"wp-block-atomic-wind-text text-[var(--nv-text-color)]\" data-rich-text=\"\">The Book Of Patagonia<\/h2>\n\n\n\n<p class=\"wp-block-atomic-wind-text text-[var(--nv-c-2)] leading-relaxed\" data-rich-text=\"\">El nombre me sali\u00f3 para adaptarlo al mercado extranjero, buscando jugar con las palabras de &#8220;el libro de la selva&#8221; en ingl\u00e9s.  Es el que mejor llegada tiene para aquellos viajeros que est\u00e1n buscando prepararse bien para su traves\u00eda por la Patagonia.<\/p>\n\n\n\n<div class=\"wp-block-atomic-wind-box flex flex-wrap gap-3 mt-2\">\n<span class=\"wp-block-atomic-wind-text text-xs font-sans font-semibold uppercase tracking-wider px-3 py-1 border border-[var(--nv-primary-accent)] text-[var(--nv-primary-accent)] rounded-sm\" data-rich-text=\"\">pre viaje<\/span>\n\n\n\n<span class=\"wp-block-atomic-wind-text text-xs font-sans font-semibold uppercase tracking-wider px-3 py-1 border border-[var(--nv-primary-accent)] text-[var(--nv-primary-accent)] rounded-sm\" data-rich-text=\"\">adaptado al extranjero<\/span>\n\n\n\n<span class=\"wp-block-atomic-wind-text text-xs font-sans font-semibold uppercase tracking-wider px-3 py-1 border border-[var(--nv-primary-accent)] text-[var(--nv-primary-accent)] rounded-sm\" data-rich-text=\"\">facil de leer<\/span>\n\n\n\n<span class=\"wp-block-atomic-wind-text text-xs font-sans font-semibold uppercase tracking-wider px-3 py-1 border border-[var(--nv-primary-accent)] text-[var(--nv-primary-accent)] rounded-sm\" data-rich-text=\"\">mas valorado<\/span>\n<\/div>\n\n\n\n<div class=\"wp-block-atomic-wind-box flex items-center justify-between mt-4\">\n<span class=\"wp-block-atomic-wind-text text-lg font-semibold text-[var(--nv-c-1)]\" data-rich-text=\"\">\u2605\u2605\u2605\u2605\u2606 4.2 \u00b7 97 opiniones<\/span>\n\n\n\n<a class=\"wp-block-atomic-wind-link text-sm font-sans font-semibold uppercase tracking-wider text-[var(--nv-primary-accent)] hover:opacity-70 transition-opacity\" href=\"https:\/\/www.amazon.com\/Book-Patagonia-History-Magellan-days\/dp\/9878841324\/ref=sr_1_1?crid=3O5D6G5MNU2R&amp;dib=eyJ2IjoiMSJ9.XZeoo33WA4LXvqz-JQd29wwckpaAbuFfE6NkFNlsQY4T4RiIisqYYDI1h57AUwYB_YlrtVh0MXhcH4cbIFdZ-WkYVEM_7R-7WW5HYaA6oRLu_6xbQMSfDe0OCVY6rbCO18jyF1cGB-yDC_ssdFCX57zJrhK3Gr8nmcxoYxYNPdtsf_MCvnU03APzM_giBD8lwkuFI3kqTPn81s_mpjjb--tI7K9bTzNTEBtxhAf7mE8.NUnP4n1-tFKU-tEeCaraXBS5aPteQeEeoyN9wXflc94&amp;dib_tag=se&amp;keywords=book+of+patagonia&amp;qid=1737834057&amp;sprefix=book+of+pata%2Caps%2C225&amp;sr=8-1\">Explore \u2192<\/a>\n<\/div>\n<\/div>\n<\/div>\n<\/section>\n\n\n\n<section class=\"wp-block-atomic-wind-box bg-[var(--nv-site-bg)] py-20 px-6\">\n<div class=\"wp-block-atomic-wind-box max-w-6xl mx-auto flex flex-col md:flex-row gap-10 items-center\">\n<div class=\"wp-block-atomic-wind-box w-full md:w-1\/2\">\n<img data-recalc-dims=\"1\" decoding=\"async\" class=\"wp-block-atomic-wind-image w-full h-80 object-cover rounded-sm\" src=\"https:\/\/i0.wp.com\/herrera-traybel.com\/wp-content\/uploads\/2026\/05\/Mock-up-DE-1.jpg?w=1200&#038;ssl=1\" alt=\"\"\/>\n<\/div>\n\n\n\n<div class=\"wp-block-atomic-wind-box w-full md:w-1\/2 flex flex-col gap-4\">\n<span class=\"wp-block-atomic-wind-text text-xs font-sans font-semibold uppercase tracking-[0.25em] text-[var(--nv-primary-accent)]\" data-rich-text=\"\">y va el tercero<\/span>\n\n\n\n<h2 class=\"wp-block-atomic-wind-text text-[var(--nv-text-color)]\" data-rich-text=\"\">Das Buch von Patagonien<\/h2>\n\n\n\n<p class=\"wp-block-atomic-wind-text text-[var(--nv-c-2)] leading-relaxed\" data-rich-text=\"\">Siguiendo la l\u00ednea anterior busco hacer llegar el titulo a la gente de habla germana. El lenguaje y la tem\u00e1tica son desaf\u00edos para poder desembarcar en este mercado. <\/p>\n\n\n\n<div class=\"wp-block-atomic-wind-box flex flex-wrap gap-3 mt-2\">\n<span class=\"wp-block-atomic-wind-text text-xs font-sans font-semibold uppercase tracking-wider px-3 py-1 border border-[var(--nv-primary-accent)] text-[var(--nv-primary-accent)] rounded-sm\" data-rich-text=\"\">3ra edicion<\/span>\n\n\n\n<span class=\"wp-block-atomic-wind-text text-xs font-sans font-semibold uppercase tracking-wider px-3 py-1 border border-[var(--nv-primary-accent)] text-[var(--nv-primary-accent)] rounded-sm\" data-rich-text=\"\">correcciones<\/span>\n\n\n\n<span class=\"wp-block-atomic-wind-text text-xs font-sans font-semibold uppercase tracking-wider px-3 py-1 border border-[var(--nv-primary-accent)] text-[var(--nv-primary-accent)] rounded-sm\" data-rich-text=\"\">opiniones variadas<\/span>\n\n\n\n<span class=\"wp-block-atomic-wind-text text-xs font-sans font-semibold uppercase tracking-wider px-3 py-1 border border-[var(--nv-primary-accent)] text-[var(--nv-primary-accent)] rounded-sm\" data-rich-text=\"\">sencillez<\/span>\n<\/div>\n\n\n\n<div class=\"wp-block-atomic-wind-box flex items-center justify-between mt-4\">\n<span class=\"wp-block-atomic-wind-text text-lg font-semibold text-[var(--nv-c-1)]\" data-rich-text=\"\">\u2605\u2605\u2605\u2606\u2606 3.5 \u00b7 15 opiniones<\/span>\n\n\n\n<a class=\"wp-block-atomic-wind-link text-sm font-sans font-semibold uppercase tracking-wider text-[var(--nv-primary-accent)] hover:opacity-70 transition-opacity\" href=\"https:\/\/www.amazon.com\/Das-Buch-von-Patagonien-Geschichte-ebook\/dp\/B0BMXV3K4G\/?_encoding=UTF8&amp;pd_rd_w=tfRWl&amp;content-id=amzn1.sym.f8e88413-4697-42ea-9bf7-b28eb886330d&amp;pf_rd_p=f8e88413-4697-42ea-9bf7-b28eb886330d&amp;pf_rd_r=142-9766312-4575561&amp;pd_rd_wg=BVIyU&amp;pd_rd_r=33cca524-e088-4d37-965e-4aa8791ac380\">Explore \u2192<\/a>\n<\/div>\n<\/div>\n<\/div>\n<\/section>\n\n\n\n<section class=\"wp-block-atomic-wind-box bg-[var(--nv-light-bg)] py-20 px-6\">\n<div class=\"wp-block-atomic-wind-box max-w-6xl mx-auto text-center flex flex-col gap-8\">\n<span class=\"wp-block-atomic-wind-text text-xs font-sans font-semibold uppercase tracking-[0.25em] text-[var(--nv-primary-accent)]\" data-rich-text=\"\">en un vistazo<\/span>\n\n\n\n<h2 class=\"wp-block-atomic-wind-text text-[var(--nv-text-color)]\" data-rich-text=\"\">El libro en n\u00fameros<\/h2>\n\n\n\n<div class=\"wp-block-atomic-wind-box grid grid-cols-2 md:grid-cols-4 gap-8 mt-6\">\n<div class=\"wp-block-atomic-wind-box flex flex-col gap-2\">\n<span class=\"wp-block-atomic-wind-text text-4xl font-bold text-[var(--nv-primary-accent)]\" data-rich-text=\"\">+150<\/span>\n\n\n\n<p class=\"wp-block-atomic-wind-text text-sm text-[var(--nv-c-2)]\" data-rich-text=\"\">Valoraciones<\/p>\n<\/div>\n\n\n\n<div class=\"wp-block-atomic-wind-box flex flex-col gap-2\">\n<span class=\"wp-block-atomic-wind-text text-4xl font-bold text-[var(--nv-primary-accent)]\" data-rich-text=\"\">4\/5<\/span>\n\n\n\n<p class=\"wp-block-atomic-wind-text text-sm text-[var(--nv-c-2)]\" data-rich-text=\"\">\u2605\u2605\u2605\u2605\u2606<\/p>\n<\/div>\n\n\n\n<div class=\"wp-block-atomic-wind-box flex flex-col gap-2\">\n<span class=\"wp-block-atomic-wind-text text-4xl font-bold text-[var(--nv-primary-accent)]\" data-rich-text=\"\">3<\/span>\n\n\n\n<p class=\"wp-block-atomic-wind-text text-sm text-[var(--nv-c-2)]\" data-rich-text=\"\">Idiomas<\/p>\n<\/div>\n\n\n\n<div class=\"wp-block-atomic-wind-box flex flex-col gap-2\">\n<span class=\"wp-block-atomic-wind-text text-4xl font-bold text-[var(--nv-primary-accent)]\" data-rich-text=\"\">+1K<\/span>\n\n\n\n<p class=\"wp-block-atomic-wind-text text-sm text-[var(--nv-c-2)]\" data-rich-text=\"\">Followers <\/p>\n<\/div>\n<\/div>\n<\/div>\n<\/section>\n\n\n\n<section class=\"wp-block-atomic-wind-box bg-[var(--nv-dark-bg)] py-20 px-6\">\n<div class=\"wp-block-atomic-wind-box max-w-3xl mx-auto text-center flex flex-col gap-6\">\n<span class=\"wp-block-atomic-wind-text text-xs font-sans font-semibold uppercase tracking-[0.25em] text-[var(--nv-c-1)]\" data-rich-text=\"\">Contacto<\/span>\n\n\n\n<h2 class=\"wp-block-atomic-wind-text text-[var(--nv-text-dark-bg)]\" data-rich-text=\"\">Comentarios?<\/h2>\n\n\n\n<p class=\"wp-block-atomic-wind-text text-[var(--nv-text-dark-bg)] opacity-70 max-w-xl mx-auto\" data-rich-text=\"\">Si queres hacerme llegar tus comentarios escribime por ac\u00e1<\/p>\n\n\n\n<a class=\"wp-block-atomic-wind-link inline-block px-8 py-4 bg-[var(--nv-primary-accent)] text-white font-sans font-semibold text-sm uppercase tracking-wider hover:opacity-90 transition-opacity mx-auto\" href=\"https:\/\/herrera-traybel.com\/?page_id=411\">contacto<\/a>\n<\/div>\n<\/section>\n","protected":false},"excerpt":{"rendered":"","protected":false},"author":1,"featured_media":0,"parent":0,"menu_order":0,"comment_status":"closed","ping_status":"closed","template":"","meta":{"content-type":"","_monsterinsights_skip_tracking":false,"_monsterinsights_sitenote_active":false,"_monsterinsights_sitenote_note":"","_monsterinsights_sitenote_category":0,"neve_meta_sidebar":"","neve_meta_container":"","neve_meta_enable_content_width":"on","neve_meta_content_width":100,"neve_meta_title_alignment":"","neve_meta_author_avatar":"","neve_post_elements_order":"","neve_meta_disable_header":"","neve_meta_disable_footer":"","neve_meta_disable_title":"","_themeisle_gutenberg_block_has_review":false,"footnotes":""},"class_list":["post-407","page","type-page","status-publish","hentry"],"yoast_head":"<!-- This site is optimized with the Yoast SEO plugin v27.6 - https:\/\/yoast.com\/product\/yoast-seo-wordpress\/ -->\n<title>publicaciones - Patagonia Infinita \/ The Book Of Patagonia<\/title>\n<meta name=\"robots\" content=\"index, follow, max-snippet:-1, max-image-preview:large, max-video-preview:-1\" \/>\n<link rel=\"canonical\" href=\"https:\/\/herrera-traybel.com\/?page_id=407\" \/>\n<meta property=\"og:locale\" content=\"en_US\" \/>\n<meta property=\"og:type\" content=\"article\" \/>\n<meta property=\"og:title\" content=\"publicaciones - Patagonia Infinita \/ The Book Of Patagonia\" \/>\n<meta property=\"og:url\" content=\"https:\/\/herrera-traybel.com\/?page_id=407\" \/>\n<meta property=\"og:site_name\" content=\"Patagonia Infinita \/ The Book Of Patagonia\" \/>\n<meta property=\"article:modified_time\" content=\"2026-05-16T21:52:48+00:00\" \/>\n<meta property=\"og:image\" content=\"https:\/\/herrera-traybel.com\/wp-content\/uploads\/2022\/03\/cropped-cropped-bg-arreo-al-paraiso-1.png\" \/>\n<meta name=\"twitter:card\" content=\"summary_large_image\" \/>\n<meta name=\"twitter:label1\" content=\"Est. reading time\" \/>\n\t<meta name=\"twitter:data1\" content=\"2 minutes\" \/>\n<script type=\"application\/ld+json\" class=\"yoast-schema-graph\">{\"@context\":\"https:\\\/\\\/schema.org\",\"@graph\":[{\"@type\":\"WebPage\",\"@id\":\"https:\\\/\\\/herrera-traybel.com\\\/?page_id=407\",\"url\":\"https:\\\/\\\/herrera-traybel.com\\\/?page_id=407\",\"name\":\"publicaciones - Patagonia Infinita \\\/ The Book Of Patagonia\",\"isPartOf\":{\"@id\":\"https:\\\/\\\/herrera-traybel.com\\\/#website\"},\"primaryImageOfPage\":{\"@id\":\"https:\\\/\\\/herrera-traybel.com\\\/?page_id=407#primaryimage\"},\"image\":{\"@id\":\"https:\\\/\\\/herrera-traybel.com\\\/?page_id=407#primaryimage\"},\"thumbnailUrl\":\"https:\\\/\\\/herrera-traybel.com\\\/wp-content\\\/uploads\\\/2022\\\/03\\\/cropped-cropped-bg-arreo-al-paraiso-1.png\",\"datePublished\":\"2026-04-06T12:49:10+00:00\",\"dateModified\":\"2026-05-16T21:52:48+00:00\",\"breadcrumb\":{\"@id\":\"https:\\\/\\\/herrera-traybel.com\\\/?page_id=407#breadcrumb\"},\"inLanguage\":\"en-US\",\"potentialAction\":[{\"@type\":\"ReadAction\",\"target\":[\"https:\\\/\\\/herrera-traybel.com\\\/?page_id=407\"]}]},{\"@type\":\"ImageObject\",\"inLanguage\":\"en-US\",\"@id\":\"https:\\\/\\\/herrera-traybel.com\\\/?page_id=407#primaryimage\",\"url\":\"https:\\\/\\\/i0.wp.com\\\/herrera-traybel.com\\\/wp-content\\\/uploads\\\/2022\\\/03\\\/cropped-cropped-bg-arreo-al-paraiso-1.png?fit=1900%2C225&ssl=1\",\"contentUrl\":\"https:\\\/\\\/i0.wp.com\\\/herrera-traybel.com\\\/wp-content\\\/uploads\\\/2022\\\/03\\\/cropped-cropped-bg-arreo-al-paraiso-1.png?fit=1900%2C225&ssl=1\",\"width\":1900,\"height\":225},{\"@type\":\"BreadcrumbList\",\"@id\":\"https:\\\/\\\/herrera-traybel.com\\\/?page_id=407#breadcrumb\",\"itemListElement\":[{\"@type\":\"ListItem\",\"position\":1,\"name\":\"Home\",\"item\":\"https:\\\/\\\/herrera-traybel.com\\\/\"},{\"@type\":\"ListItem\",\"position\":2,\"name\":\"publicaciones\"}]},{\"@type\":\"WebSite\",\"@id\":\"https:\\\/\\\/herrera-traybel.com\\\/#website\",\"url\":\"https:\\\/\\\/herrera-traybel.com\\\/\",\"name\":\"Patagonia Infinita \\\/ The Book Of Patagonia\",\"description\":\"Libro de historia de la Patagonia\",\"publisher\":{\"@id\":\"https:\\\/\\\/herrera-traybel.com\\\/#\\\/schema\\\/person\\\/5568d5fc94d31a26ae94c6a1275b7267\"},\"potentialAction\":[{\"@type\":\"SearchAction\",\"target\":{\"@type\":\"EntryPoint\",\"urlTemplate\":\"https:\\\/\\\/herrera-traybel.com\\\/?s={search_term_string}\"},\"query-input\":{\"@type\":\"PropertyValueSpecification\",\"valueRequired\":true,\"valueName\":\"search_term_string\"}}],\"inLanguage\":\"en-US\"},{\"@type\":[\"Person\",\"Organization\"],\"@id\":\"https:\\\/\\\/herrera-traybel.com\\\/#\\\/schema\\\/person\\\/5568d5fc94d31a26ae94c6a1275b7267\",\"name\":\"Juan Manuel\",\"image\":{\"@type\":\"ImageObject\",\"inLanguage\":\"en-US\",\"@id\":\"https:\\\/\\\/herrera-traybel.com\\\/wp-content\\\/uploads\\\/2022\\\/03\\\/Diseno-sin-titulo-2.png\",\"url\":\"https:\\\/\\\/herrera-traybel.com\\\/wp-content\\\/uploads\\\/2022\\\/03\\\/Diseno-sin-titulo-2.png\",\"contentUrl\":\"https:\\\/\\\/herrera-traybel.com\\\/wp-content\\\/uploads\\\/2022\\\/03\\\/Diseno-sin-titulo-2.png\",\"width\":500,\"height\":500,\"caption\":\"Juan Manuel\"},\"logo\":{\"@id\":\"https:\\\/\\\/herrera-traybel.com\\\/wp-content\\\/uploads\\\/2022\\\/03\\\/Diseno-sin-titulo-2.png\"},\"sameAs\":[\"https:\\\/\\\/herrera-traybel.com\"]}]}<\/script>\n<!-- \/ Yoast SEO plugin. -->","yoast_head_json":{"title":"publicaciones - Patagonia Infinita \/ The Book Of Patagonia","robots":{"index":"index","follow":"follow","max-snippet":"max-snippet:-1","max-image-preview":"max-image-preview:large","max-video-preview":"max-video-preview:-1"},"canonical":"https:\/\/herrera-traybel.com\/?page_id=407","og_locale":"en_US","og_type":"article","og_title":"publicaciones - Patagonia Infinita \/ The Book Of Patagonia","og_url":"https:\/\/herrera-traybel.com\/?page_id=407","og_site_name":"Patagonia Infinita \/ The Book Of Patagonia","article_modified_time":"2026-05-16T21:52:48+00:00","og_image":[{"url":"https:\/\/herrera-traybel.com\/wp-content\/uploads\/2022\/03\/cropped-cropped-bg-arreo-al-paraiso-1.png","type":"","width":"","height":""}],"twitter_card":"summary_large_image","twitter_misc":{"Est. reading time":"2 minutes"},"schema":{"@context":"https:\/\/schema.org","@graph":[{"@type":"WebPage","@id":"https:\/\/herrera-traybel.com\/?page_id=407","url":"https:\/\/herrera-traybel.com\/?page_id=407","name":"publicaciones - Patagonia Infinita \/ The Book Of Patagonia","isPartOf":{"@id":"https:\/\/herrera-traybel.com\/#website"},"primaryImageOfPage":{"@id":"https:\/\/herrera-traybel.com\/?page_id=407#primaryimage"},"image":{"@id":"https:\/\/herrera-traybel.com\/?page_id=407#primaryimage"},"thumbnailUrl":"https:\/\/herrera-traybel.com\/wp-content\/uploads\/2022\/03\/cropped-cropped-bg-arreo-al-paraiso-1.png","datePublished":"2026-04-06T12:49:10+00:00","dateModified":"2026-05-16T21:52:48+00:00","breadcrumb":{"@id":"https:\/\/herrera-traybel.com\/?page_id=407#breadcrumb"},"inLanguage":"en-US","potentialAction":[{"@type":"ReadAction","target":["https:\/\/herrera-traybel.com\/?page_id=407"]}]},{"@type":"ImageObject","inLanguage":"en-US","@id":"https:\/\/herrera-traybel.com\/?page_id=407#primaryimage","url":"https:\/\/i0.wp.com\/herrera-traybel.com\/wp-content\/uploads\/2022\/03\/cropped-cropped-bg-arreo-al-paraiso-1.png?fit=1900%2C225&ssl=1","contentUrl":"https:\/\/i0.wp.com\/herrera-traybel.com\/wp-content\/uploads\/2022\/03\/cropped-cropped-bg-arreo-al-paraiso-1.png?fit=1900%2C225&ssl=1","width":1900,"height":225},{"@type":"BreadcrumbList","@id":"https:\/\/herrera-traybel.com\/?page_id=407#breadcrumb","itemListElement":[{"@type":"ListItem","position":1,"name":"Home","item":"https:\/\/herrera-traybel.com\/"},{"@type":"ListItem","position":2,"name":"publicaciones"}]},{"@type":"WebSite","@id":"https:\/\/herrera-traybel.com\/#website","url":"https:\/\/herrera-traybel.com\/","name":"Patagonia Infinita \/ The Book Of Patagonia","description":"Libro de historia de la Patagonia","publisher":{"@id":"https:\/\/herrera-traybel.com\/#\/schema\/person\/5568d5fc94d31a26ae94c6a1275b7267"},"potentialAction":[{"@type":"SearchAction","target":{"@type":"EntryPoint","urlTemplate":"https:\/\/herrera-traybel.com\/?s={search_term_string}"},"query-input":{"@type":"PropertyValueSpecification","valueRequired":true,"valueName":"search_term_string"}}],"inLanguage":"en-US"},{"@type":["Person","Organization"],"@id":"https:\/\/herrera-traybel.com\/#\/schema\/person\/5568d5fc94d31a26ae94c6a1275b7267","name":"Juan Manuel","image":{"@type":"ImageObject","inLanguage":"en-US","@id":"https:\/\/herrera-traybel.com\/wp-content\/uploads\/2022\/03\/Diseno-sin-titulo-2.png","url":"https:\/\/herrera-traybel.com\/wp-content\/uploads\/2022\/03\/Diseno-sin-titulo-2.png","contentUrl":"https:\/\/herrera-traybel.com\/wp-content\/uploads\/2022\/03\/Diseno-sin-titulo-2.png","width":500,"height":500,"caption":"Juan Manuel"},"logo":{"@id":"https:\/\/herrera-traybel.com\/wp-content\/uploads\/2022\/03\/Diseno-sin-titulo-2.png"},"sameAs":["https:\/\/herrera-traybel.com"]}]}},"jetpack_sharing_enabled":true,"_links":{"self":[{"href":"https:\/\/herrera-traybel.com\/index.php?rest_route=\/wp\/v2\/pages\/407","targetHints":{"allow":["GET"]}}],"collection":[{"href":"https:\/\/herrera-traybel.com\/index.php?rest_route=\/wp\/v2\/pages"}],"about":[{"href":"https:\/\/herrera-traybel.com\/index.php?rest_route=\/wp\/v2\/types\/page"}],"author":[{"embeddable":true,"href":"https:\/\/herrera-traybel.com\/index.php?rest_route=\/wp\/v2\/users\/1"}],"replies":[{"embeddable":true,"href":"https:\/\/herrera-traybel.com\/index.php?rest_route=%2Fwp%2Fv2%2Fcomments&post=407"}],"version-history":[{"count":4,"href":"https:\/\/herrera-traybel.com\/index.php?rest_route=\/wp\/v2\/pages\/407\/revisions"}],"predecessor-version":[{"id":507,"href":"https:\/\/herrera-traybel.com\/index.php?rest_route=\/wp\/v2\/pages\/407\/revisions\/507"}],"wp:attachment":[{"href":"https:\/\/herrera-traybel.com\/index.php?rest_route=%2Fwp%2Fv2%2Fmedia&parent=407"}],"curies":[{"name":"wp","href":"https:\/\/api.w.org\/{rel}","templated":true}]}}