{"id":408,"date":"2026-04-06T12:49:11","date_gmt":"2026-04-06T12:49:11","guid":{"rendered":"https:\/\/demosites.io\/real-estate\/relocation-guide\/"},"modified":"2026-05-16T21:41:19","modified_gmt":"2026-05-16T21:41:19","slug":"librerias","status":"publish","type":"page","link":"https:\/\/herrera-traybel.com\/?page_id=408","title":{"rendered":"donde comprar el libro"},"content":{"rendered":"\n<section class=\"wp-block-atomic-wind-box relative bg-[var(--nv-dark-bg)] py-32 md:py-40 px-6\">\n<img data-recalc-dims=\"1\" decoding=\"async\" class=\"wp-block-atomic-wind-image absolute inset-0 w-full h-full object-cover opacity-30\" src=\"https:\/\/i0.wp.com\/herrera-traybel.com\/wp-content\/uploads\/2026\/05\/WhatsApp-Image-2026-04-21-at-22.08.20.jpeg?w=1200&#038;ssl=1\" alt=\"\"\/>\n\n\n\n<div class=\"wp-block-atomic-wind-box relative max-w-5xl mx-auto text-center flex flex-col items-center gap-6\">\n<span class=\"wp-block-atomic-wind-text text-xs font-sans font-semibold uppercase tracking-[0.25em] text-[var(--nv-c-1)]\" data-rich-text=\"\">donde comprar el libro<\/span>\n\n\n\n<h1 class=\"wp-block-atomic-wind-text text-[var(--nv-text-dark-bg)] text-center\" data-rich-text=\"\">Puntos de Venta<\/h1>\n\n\n\n<p class=\"wp-block-atomic-wind-text text-lg md:text-xl text-[var(--nv-text-dark-bg)] opacity-80 max-w-2xl\" data-rich-text=\"\">El libro est\u00e1 disponible en plataformas como Amazon y MercadoLibre. <br>En Argentina hay selectas librer\u00edas que detallo aqu\u00ed. <br>En lo posible trat\u00e1 de apoyar a tu librer\u00eda local.<\/p>\n<\/div>\n<\/section>\n\n\n\n<section class=\"wp-block-atomic-wind-box bg-[var(--nv-site-bg)] py-24 px-6\">\n<div class=\"wp-block-atomic-wind-box max-w-6xl mx-auto flex flex-col md:flex-row gap-12 items-center\">\n<div class=\"wp-block-atomic-wind-box w-full md:w-1\/2\">\n<img data-recalc-dims=\"1\" decoding=\"async\" class=\"wp-block-atomic-wind-image w-full h-80 object-cover rounded-sm\" src=\"https:\/\/i0.wp.com\/herrera-traybel.com\/wp-content\/uploads\/2026\/05\/Mock-up-ES-3-1.jpg?w=1200&#038;ssl=1\" alt=\"\"\/>\n<\/div>\n\n\n\n<div class=\"wp-block-atomic-wind-box w-full md:w-1\/2 flex flex-col gap-5\">\n<span class=\"wp-block-atomic-wind-text text-xs font-sans font-semibold uppercase tracking-[0.25em] text-[var(--nv-primary-accent)]\" data-rich-text=\"\">PATAGONIA INFINITA: HISTORIA DEL SUR DE LA TIERRA<\/span>\n\n\n\n<h2 class=\"wp-block-atomic-wind-text text-[var(--nv-text-color)]\" data-rich-text=\"\">Donde se consiguen? <\/h2>\n\n\n\n<p class=\"wp-block-atomic-wind-text text-[var(--nv-c-2)] leading-relaxed\" data-rich-text=\"\">La distribuci\u00f3n principal del libro se hace mediante Amazon. En Argentina existe una red de librer\u00edas en distintas ciudades que tienen el libro y se alegrar\u00e1n de atenderte.<\/p>\n\n\n\n<div class=\"wp-block-atomic-wind-box grid grid-cols-2 gap-4 mt-2\">\n<div class=\"wp-block-atomic-wind-box flex flex-col gap-1\">\n<span class=\"wp-block-atomic-wind-text text-sm font-semibold text-[var(--nv-primary-accent)]\" data-rich-text=\"\">Buenos Aires &#8211; CABA<\/span>\n\n\n\n<p class=\"wp-block-atomic-wind-text text-xs text-[var(--nv-c-2)]\" data-rich-text=\"\">&#8211; Mandr\u00e1gora Libros (Villa Crespo)<br>&#8211; Rizoma Books (Libreria online)<br>&#8211; Vuelvo al Sur (Parque Patricios)<\/p>\n<\/div>\n\n\n\n<div class=\"wp-block-atomic-wind-box flex flex-col gap-1\">\n<span class=\"wp-block-atomic-wind-text text-sm font-semibold text-[var(--nv-primary-accent)]\" data-rich-text=\"\">Patagonia <\/span>\n\n\n\n<p class=\"wp-block-atomic-wind-text text-xs text-[var(--nv-c-2)]\" data-rich-text=\"\">&#8211; La Boutique del Libro  (El Calafate)<br>&#8211; Marcopolo Libros  (El Chalt\u00e9n)<br>&#8211; Librer\u00eda Patalibro  (San Mart\u00edn de los Andes)<\/p>\n<\/div>\n<\/div>\n<\/div>\n<\/div>\n<\/section>\n\n\n\n<section class=\"wp-block-atomic-wind-box bg-[var(--nv-site-bg)] py-24 px-6\">\n<div class=\"wp-block-atomic-wind-box max-w-5xl mx-auto flex flex-col gap-10\">\n<div class=\"wp-block-atomic-wind-box text-center flex flex-col gap-4\">\n<span class=\"wp-block-atomic-wind-text text-xs font-sans font-semibold uppercase tracking-[0.25em] text-[var(--nv-primary-accent)]\" data-rich-text=\"\">LINK DE LAS LIBRERIAs en argentina<\/span>\n\n\n\n<h2 class=\"wp-block-atomic-wind-text text-[var(--nv-text-color)]\" data-rich-text=\"\">PUNTOS DE VENTA FISICOS<\/h2>\n<\/div>\n\n\n\n<div class=\"wp-block-atomic-wind-box grid grid-cols-1 md:grid-cols-3 gap-8\">\n<div class=\"wp-block-atomic-wind-box bg-white p-8 flex flex-col gap-4 text-center border border-[var(--nv-c-2)]\/10\">\n<h3 class=\"wp-block-atomic-wind-text text-lg font-serif text-[var(--nv-text-color)]\" data-rich-text=\"\">BUENOS AIRES &#8211; CABA<\/h3>\n\n\n\n<figure class=\"wp-block-image size-large\"><a href=\"https:\/\/tienda-virtual.mandragora.com.ar\/\"><img data-recalc-dims=\"1\" loading=\"lazy\" decoding=\"async\" width=\"1024\" height=\"410\" src=\"https:\/\/i0.wp.com\/herrera-traybel.com\/wp-content\/uploads\/2026\/05\/mandragora.jpg?resize=1024%2C410&#038;ssl=1\" alt=\"\" class=\"wp-image-471\" srcset=\"https:\/\/i0.wp.com\/herrera-traybel.com\/wp-content\/uploads\/2026\/05\/mandragora.jpg?resize=1024%2C410&amp;ssl=1 1024w, https:\/\/i0.wp.com\/herrera-traybel.com\/wp-content\/uploads\/2026\/05\/mandragora.jpg?resize=300%2C120&amp;ssl=1 300w, https:\/\/i0.wp.com\/herrera-traybel.com\/wp-content\/uploads\/2026\/05\/mandragora.jpg?resize=768%2C307&amp;ssl=1 768w, https:\/\/i0.wp.com\/herrera-traybel.com\/wp-content\/uploads\/2026\/05\/mandragora.jpg?resize=1536%2C615&amp;ssl=1 1536w, https:\/\/i0.wp.com\/herrera-traybel.com\/wp-content\/uploads\/2026\/05\/mandragora.jpg?resize=2048%2C820&amp;ssl=1 2048w\" sizes=\"auto, (max-width: 1024px) 100vw, 1024px\" \/><\/a><\/figure>\n\n\n\n<p class=\"wp-block-atomic-wind-text text-sm text-[var(--nv-c-2)] leading-relaxed\" data-rich-text=\"\"><br><em>Librer\u00eda y editorial. <\/em>Villa Crespo. <br>Lunes a s\u00e1bados de 11 a 20 hs.<\/p>\n<\/div>\n\n\n\n<div class=\"wp-block-atomic-wind-box bg-white p-8 flex flex-col gap-4 text-center border border-[var(--nv-c-2)]\/10\">\n<h3 class=\"wp-block-atomic-wind-text text-lg font-serif text-[var(--nv-text-color)]\" data-rich-text=\"\">BUENOS AIRES &#8211; CABA<\/h3>\n\n\n<div class=\"wp-block-image\">\n<figure class=\"aligncenter size-full is-resized\"><a href=\"https:\/\/www.instagram.com\/vuelvoalsurlibros\/\"><img data-recalc-dims=\"1\" loading=\"lazy\" decoding=\"async\" width=\"234\" height=\"157\" src=\"https:\/\/i0.wp.com\/herrera-traybel.com\/wp-content\/uploads\/2026\/05\/vuelvo-al-sur.webp?resize=234%2C157&#038;ssl=1\" alt=\"\" class=\"wp-image-472\" style=\"aspect-ratio:1.4905556574362737;width:186px;height:auto\"\/><\/a><\/figure>\n<\/div>\n\n\n<p class=\"wp-block-atomic-wind-text text-sm text-[var(--nv-c-2)] leading-relaxed\" data-rich-text=\"\">En Parque Patricios desde 1986 <br>L-V 11 a 19hs \/ S\u00e1bados 11 a 14hs<\/p>\n<\/div>\n\n\n\n<div class=\"wp-block-atomic-wind-box bg-white p-8 flex flex-col gap-4 text-center border border-[var(--nv-c-2)]\/10\">\n<h3 class=\"wp-block-atomic-wind-text text-lg font-serif text-[var(--nv-text-color)]\" data-rich-text=\"\">BUENOS AIRES &#8211; CABA<\/h3>\n\n\n<div class=\"wp-block-image\">\n<figure class=\"aligncenter size-full is-resized\"><a href=\"https:\/\/www.instagram.com\/rizomabooks\/\"><img data-recalc-dims=\"1\" loading=\"lazy\" decoding=\"async\" width=\"225\" height=\"225\" src=\"https:\/\/i0.wp.com\/herrera-traybel.com\/wp-content\/uploads\/2026\/05\/rizoma.jpg?resize=225%2C225&#038;ssl=1\" alt=\"\" class=\"wp-image-473\" style=\"object-fit:cover;width:130px;height:130px\" srcset=\"https:\/\/i0.wp.com\/herrera-traybel.com\/wp-content\/uploads\/2026\/05\/rizoma.jpg?w=225&amp;ssl=1 225w, https:\/\/i0.wp.com\/herrera-traybel.com\/wp-content\/uploads\/2026\/05\/rizoma.jpg?resize=150%2C150&amp;ssl=1 150w\" sizes=\"auto, (max-width: 225px) 100vw, 225px\" \/><\/a><\/figure>\n<\/div>\n\n\n<p class=\"wp-block-atomic-wind-text text-sm text-[var(--nv-c-2)] leading-relaxed\" data-rich-text=\"\">Rizoma Books es una librer\u00eda online que te atiende Matias via Instagram.<\/p>\n<\/div>\n\n\n\n<div class=\"wp-block-atomic-wind-box bg-white p-8 flex flex-col gap-4 text-center border border-[var(--nv-c-2)]\/10\">\n<h3 class=\"wp-block-atomic-wind-text text-lg font-serif text-[var(--nv-text-color)]\" data-rich-text=\"\">EL CALAFATE<\/h3>\n\n\n<div class=\"wp-block-image\">\n<figure class=\"aligncenter size-full is-resized\"><a href=\"https:\/\/boutiquedellibroushuaia.mitiendanube.com\/\"><img data-recalc-dims=\"1\" loading=\"lazy\" decoding=\"async\" width=\"225\" height=\"225\" src=\"https:\/\/i0.wp.com\/herrera-traybel.com\/wp-content\/uploads\/2026\/05\/boutique.png?resize=225%2C225&#038;ssl=1\" alt=\"\" class=\"wp-image-474\" style=\"object-fit:cover;width:200px;height:150px\" srcset=\"https:\/\/i0.wp.com\/herrera-traybel.com\/wp-content\/uploads\/2026\/05\/boutique.png?w=225&amp;ssl=1 225w, https:\/\/i0.wp.com\/herrera-traybel.com\/wp-content\/uploads\/2026\/05\/boutique.png?resize=150%2C150&amp;ssl=1 150w\" sizes=\"auto, (max-width: 225px) 100vw, 225px\" \/><\/a><\/figure>\n<\/div>\n\n\n<p class=\"wp-block-atomic-wind-text text-sm text-[var(--nv-c-2)] leading-relaxed\" data-rich-text=\"\"><br>En el centro de El Calafate pod\u00e9s adquirir el libro durante tu viaje!<\/p>\n<\/div>\n\n\n\n<div class=\"wp-block-atomic-wind-box bg-white p-8 flex flex-col gap-4 text-center border border-[var(--nv-c-2)]\/10\">\n<h3 class=\"wp-block-atomic-wind-text text-lg font-serif text-[var(--nv-text-color)]\" data-rich-text=\"\">EL CHALT\u00c9N<\/h3>\n\n\n<div class=\"wp-block-image\">\n<figure class=\"aligncenter size-full is-resized\"><a href=\"https:\/\/www.instagram.com\/marcopolo_chalten\/\"><img data-recalc-dims=\"1\" loading=\"lazy\" decoding=\"async\" width=\"225\" height=\"225\" src=\"https:\/\/i0.wp.com\/herrera-traybel.com\/wp-content\/uploads\/2026\/05\/marcopolo.jpg?resize=225%2C225&#038;ssl=1\" alt=\"\" class=\"wp-image-475\" style=\"object-fit:cover;width:150px;height:150px\" srcset=\"https:\/\/i0.wp.com\/herrera-traybel.com\/wp-content\/uploads\/2026\/05\/marcopolo.jpg?w=225&amp;ssl=1 225w, https:\/\/i0.wp.com\/herrera-traybel.com\/wp-content\/uploads\/2026\/05\/marcopolo.jpg?resize=150%2C150&amp;ssl=1 150w\" sizes=\"auto, (max-width: 225px) 100vw, 225px\" \/><\/a><\/figure>\n<\/div>\n\n\n<p class=\"wp-block-atomic-wind-text text-sm text-[var(--nv-c-2)] leading-relaxed\" data-rich-text=\"\"><br>En la zona m\u00e1s linda de los Andes podes conseguir el libro tambi\u00e9n.<\/p>\n<\/div>\n\n\n\n<div class=\"wp-block-atomic-wind-box bg-white p-8 flex flex-col gap-4 text-center border border-[var(--nv-c-2)]\/10\">\n<h3 class=\"wp-block-atomic-wind-text text-lg font-serif text-[var(--nv-text-color)]\" data-rich-text=\"\">SAN MARTIN DE LOS ANDES<\/h3>\n\n\n<div class=\"wp-block-image\">\n<figure class=\"aligncenter size-full\"><a href=\"https:\/\/patalibro.com.ar\/\"><img data-recalc-dims=\"1\" loading=\"lazy\" decoding=\"async\" width=\"180\" height=\"180\" src=\"https:\/\/i0.wp.com\/herrera-traybel.com\/wp-content\/uploads\/2026\/05\/patalibro.jpg?resize=180%2C180&#038;ssl=1\" alt=\"\" class=\"wp-image-476\" srcset=\"https:\/\/i0.wp.com\/herrera-traybel.com\/wp-content\/uploads\/2026\/05\/patalibro.jpg?w=180&amp;ssl=1 180w, https:\/\/i0.wp.com\/herrera-traybel.com\/wp-content\/uploads\/2026\/05\/patalibro.jpg?resize=150%2C150&amp;ssl=1 150w\" sizes=\"auto, (max-width: 180px) 100vw, 180px\" \/><\/a><\/figure>\n<\/div>\n\n\n<p class=\"wp-block-atomic-wind-text text-sm text-[var(--nv-c-2)] leading-relaxed\" data-rich-text=\"\">Librer\u00eda familiar en SMA.<br>Todos los d\u00edas-9.30 a 21.30<\/p>\n<\/div>\n<\/div>\n<\/div>\n<\/section>\n\n\n\n<section class=\"wp-block-atomic-wind-box bg-[var(--nv-light-bg)] py-24 px-6\">\n<div class=\"wp-block-atomic-wind-box max-w-6xl mx-auto flex flex-col gap-10\">\n<div class=\"wp-block-atomic-wind-box text-center flex flex-col gap-4\">\n<span class=\"wp-block-atomic-wind-text text-xs font-sans font-semibold uppercase tracking-[0.25em] text-[var(--nv-primary-accent)]\" data-rich-text=\"\">PLATAFORMAS WEB<\/span>\n\n\n\n<h2 class=\"wp-block-atomic-wind-text text-[var(--nv-text-color)]\" data-rich-text=\"\">PUNTOS DE VENTA ONLINE<\/h2>\n<\/div>\n\n\n\n<div class=\"wp-block-atomic-wind-box grid grid-cols-1 md:grid-cols-2 gap-8\">\n<div class=\"wp-block-atomic-wind-box bg-white p-8 flex flex-col gap-4 border border-[var(--nv-c-2)]\/10 hover:shadow-lg transition-shadow\">\n<h3 class=\"wp-block-atomic-wind-text text-lg font-serif text-[var(--nv-text-color)]\" data-rich-text=\"\"><a href=\"https:\/\/www.mercadolibre.com.ar\/patagonia-infinita--historia-del-sur-de-la-tierra\/up\/MLAU3736916785?pdp_filters=item_id%3AMLA2794416826&amp;matt_tool=89488245#origin=share&amp;sid=share&amp;wid=MLA2794416826&amp;action=copy\"><img data-recalc-dims=\"1\" loading=\"lazy\" decoding=\"async\" width=\"200\" height=\"49\" class=\"wp-image-244\" style=\"width: 200px;\" src=\"https:\/\/i0.wp.com\/herrera-traybel.com\/wp-content\/uploads\/2022\/04\/mercado-libre-logo-2.png?resize=200%2C49&#038;ssl=1\" alt=\"\" srcset=\"https:\/\/i0.wp.com\/herrera-traybel.com\/wp-content\/uploads\/2022\/04\/mercado-libre-logo-2.png?w=407&amp;ssl=1 407w, https:\/\/i0.wp.com\/herrera-traybel.com\/wp-content\/uploads\/2022\/04\/mercado-libre-logo-2.png?resize=300%2C74&amp;ssl=1 300w\" sizes=\"auto, (max-width: 200px) 100vw, 200px\" \/><\/a><\/h3>\n\n\n\n\n\n<p class=\"wp-block-atomic-wind-text text-sm text-[var(--nv-c-2)] leading-relaxed\" data-rich-text=\"\"><a href=\"https:\/\/www.mercadolibre.com.ar\/patagonia-infinita--historia-del-sur-de-la-tierra\/up\/MLAU3736916785?pdp_filters=item_id%3AMLA2794416826&amp;matt_tool=89488245#origin=share&amp;sid=share&amp;wid=MLA2794416826&amp;action=copy\">Consigue <em>Patagonia Infinita<\/em> a trav\u00e9s de Mercado Libre Argentina, con env\u00edo gratis a todo el pa\u00eds y distintas opciones de pago. Una forma r\u00e1pida y simple de recibir el libro directamente en tu casa.<\/a><\/p>\n<\/div>\n\n\n\n<div class=\"wp-block-atomic-wind-box bg-white p-8 flex flex-col gap-4 border border-[var(--nv-c-2)]\/10 hover:shadow-lg transition-shadow\">\n\n\n<h3 class=\"wp-block-atomic-wind-text text-lg font-serif text-[var(--nv-text-color)]\" data-rich-text=\"\"><a href=\"https:\/\/amzn.eu\/d\/0565Kj7X\" type=\"link\" id=\"https:\/\/amzn.eu\/d\/0565Kj7X\"><img data-recalc-dims=\"1\" loading=\"lazy\" decoding=\"async\" width=\"150\" height=\"45\" class=\"wp-image-242\" style=\"width: 150px;\" src=\"https:\/\/i0.wp.com\/herrera-traybel.com\/wp-content\/uploads\/2022\/04\/Amazon_logo.png?resize=150%2C45&#038;ssl=1\" alt=\"\" srcset=\"https:\/\/i0.wp.com\/herrera-traybel.com\/wp-content\/uploads\/2022\/04\/Amazon_logo.png?w=364&amp;ssl=1 364w, https:\/\/i0.wp.com\/herrera-traybel.com\/wp-content\/uploads\/2022\/04\/Amazon_logo.png?resize=300%2C91&amp;ssl=1 300w\" sizes=\"auto, (max-width: 150px) 100vw, 150px\" \/><\/a><\/h3>\n\n\n\n<p class=\"wp-block-atomic-wind-text text-sm text-[var(--nv-c-2)] leading-relaxed\" data-rich-text=\"\"><a href=\"https:\/\/amzn.eu\/d\/0565Kj7X\"><em>Patagonia Infinita<\/em> tambi\u00e9n est\u00e1 disponible en Amazon para lectores de todo el mundo. Disponible en distintos mercados internacionales, con env\u00edos seg\u00fan tu ubicaci\u00f3n y acceso desde la plataforma global de Amazon.<\/a><\/p>\n<\/div>\n<\/div>\n<\/div>\n<\/section>\n\n\n\n<section class=\"wp-block-atomic-wind-box bg-[var(--nv-dark-bg)] py-20 px-6\">\n<div class=\"wp-block-atomic-wind-box max-w-3xl mx-auto text-center flex flex-col gap-6\">\n<span class=\"wp-block-atomic-wind-text text-xs font-sans font-semibold uppercase tracking-[0.25em] text-[var(--nv-c-1)]\" data-rich-text=\"\">no te quedes sin tu copia<\/span>\n\n\n\n<h2 class=\"wp-block-atomic-wind-text text-[var(--nv-text-dark-bg)]\" data-rich-text=\"\">Problemas para comprar el libro?<\/h2>\n\n\n\n<p class=\"wp-block-atomic-wind-text text-[var(--nv-text-dark-bg)] opacity-70 max-w-xl mx-auto\" data-rich-text=\"\">Si por alguna raz\u00f3n no podes hacerte del libro mandame un mensaje.<br>Har\u00e9 lo posible por ayudarte.<\/p>\n\n\n\n<a class=\"wp-block-atomic-wind-link inline-block px-8 py-4 bg-[var(--nv-primary-accent)] text-white font-sans font-semibold text-sm uppercase tracking-wider hover:opacity-90 transition-opacity mx-auto\" href=\"https:\/\/herrera-traybel.com\/?page_id=411\">MENSAJE<\/a>\n<\/div>\n<\/section>\n\n\n","protected":false},"excerpt":{"rendered":"","protected":false},"author":1,"featured_media":0,"parent":0,"menu_order":0,"comment_status":"closed","ping_status":"closed","template":"","meta":{"content-type":"","_monsterinsights_skip_tracking":false,"_monsterinsights_sitenote_active":false,"_monsterinsights_sitenote_note":"","_monsterinsights_sitenote_category":0,"neve_meta_sidebar":"","neve_meta_container":"","neve_meta_enable_content_width":"on","neve_meta_content_width":100,"neve_meta_title_alignment":"","neve_meta_author_avatar":"","neve_post_elements_order":"","neve_meta_disable_header":"","neve_meta_disable_footer":"","neve_meta_disable_title":"","_themeisle_gutenberg_block_has_review":false,"footnotes":"[]"},"class_list":["post-408","page","type-page","status-publish","hentry"],"yoast_head":"<!-- This site is optimized with the Yoast SEO plugin v27.6 - https:\/\/yoast.com\/product\/yoast-seo-wordpress\/ -->\n<title>donde comprar el libro - Patagonia Infinita \/ The Book Of Patagonia<\/title>\n<meta name=\"robots\" content=\"index, follow, max-snippet:-1, max-image-preview:large, max-video-preview:-1\" \/>\n<link rel=\"canonical\" href=\"https:\/\/herrera-traybel.com\/?page_id=408\" \/>\n<meta property=\"og:locale\" content=\"en_US\" \/>\n<meta property=\"og:type\" content=\"article\" \/>\n<meta property=\"og:title\" content=\"donde comprar el libro - Patagonia Infinita \/ The Book Of Patagonia\" \/>\n<meta property=\"og:url\" content=\"https:\/\/herrera-traybel.com\/?page_id=408\" \/>\n<meta property=\"og:site_name\" content=\"Patagonia Infinita \/ The Book Of Patagonia\" \/>\n<meta property=\"article:modified_time\" content=\"2026-05-16T21:41:19+00:00\" \/>\n<meta property=\"og:image\" content=\"https:\/\/herrera-traybel.com\/wp-content\/uploads\/2026\/05\/WhatsApp-Image-2026-04-21-at-22.08.20.jpeg\" \/>\n<meta name=\"twitter:card\" content=\"summary_large_image\" \/>\n<meta name=\"twitter:label1\" content=\"Est. reading time\" \/>\n\t<meta name=\"twitter:data1\" content=\"4 minutes\" \/>\n<script type=\"application\/ld+json\" class=\"yoast-schema-graph\">{\"@context\":\"https:\\\/\\\/schema.org\",\"@graph\":[{\"@type\":\"WebPage\",\"@id\":\"https:\\\/\\\/herrera-traybel.com\\\/?page_id=408\",\"url\":\"https:\\\/\\\/herrera-traybel.com\\\/?page_id=408\",\"name\":\"donde comprar el libro - Patagonia Infinita \\\/ The Book Of Patagonia\",\"isPartOf\":{\"@id\":\"https:\\\/\\\/herrera-traybel.com\\\/#website\"},\"primaryImageOfPage\":{\"@id\":\"https:\\\/\\\/herrera-traybel.com\\\/?page_id=408#primaryimage\"},\"image\":{\"@id\":\"https:\\\/\\\/herrera-traybel.com\\\/?page_id=408#primaryimage\"},\"thumbnailUrl\":\"https:\\\/\\\/herrera-traybel.com\\\/wp-content\\\/uploads\\\/2026\\\/05\\\/WhatsApp-Image-2026-04-21-at-22.08.20.jpeg\",\"datePublished\":\"2026-04-06T12:49:11+00:00\",\"dateModified\":\"2026-05-16T21:41:19+00:00\",\"breadcrumb\":{\"@id\":\"https:\\\/\\\/herrera-traybel.com\\\/?page_id=408#breadcrumb\"},\"inLanguage\":\"en-US\",\"potentialAction\":[{\"@type\":\"ReadAction\",\"target\":[\"https:\\\/\\\/herrera-traybel.com\\\/?page_id=408\"]}]},{\"@type\":\"ImageObject\",\"inLanguage\":\"en-US\",\"@id\":\"https:\\\/\\\/herrera-traybel.com\\\/?page_id=408#primaryimage\",\"url\":\"https:\\\/\\\/i0.wp.com\\\/herrera-traybel.com\\\/wp-content\\\/uploads\\\/2026\\\/05\\\/WhatsApp-Image-2026-04-21-at-22.08.20.jpeg?fit=1280%2C1280&ssl=1\",\"contentUrl\":\"https:\\\/\\\/i0.wp.com\\\/herrera-traybel.com\\\/wp-content\\\/uploads\\\/2026\\\/05\\\/WhatsApp-Image-2026-04-21-at-22.08.20.jpeg?fit=1280%2C1280&ssl=1\",\"width\":1280,\"height\":1280},{\"@type\":\"BreadcrumbList\",\"@id\":\"https:\\\/\\\/herrera-traybel.com\\\/?page_id=408#breadcrumb\",\"itemListElement\":[{\"@type\":\"ListItem\",\"position\":1,\"name\":\"Home\",\"item\":\"https:\\\/\\\/herrera-traybel.com\\\/\"},{\"@type\":\"ListItem\",\"position\":2,\"name\":\"donde comprar el libro\"}]},{\"@type\":\"WebSite\",\"@id\":\"https:\\\/\\\/herrera-traybel.com\\\/#website\",\"url\":\"https:\\\/\\\/herrera-traybel.com\\\/\",\"name\":\"Patagonia Infinita \\\/ The Book Of Patagonia\",\"description\":\"Libro de historia de la Patagonia\",\"publisher\":{\"@id\":\"https:\\\/\\\/herrera-traybel.com\\\/#\\\/schema\\\/person\\\/5568d5fc94d31a26ae94c6a1275b7267\"},\"potentialAction\":[{\"@type\":\"SearchAction\",\"target\":{\"@type\":\"EntryPoint\",\"urlTemplate\":\"https:\\\/\\\/herrera-traybel.com\\\/?s={search_term_string}\"},\"query-input\":{\"@type\":\"PropertyValueSpecification\",\"valueRequired\":true,\"valueName\":\"search_term_string\"}}],\"inLanguage\":\"en-US\"},{\"@type\":[\"Person\",\"Organization\"],\"@id\":\"https:\\\/\\\/herrera-traybel.com\\\/#\\\/schema\\\/person\\\/5568d5fc94d31a26ae94c6a1275b7267\",\"name\":\"Juan Manuel\",\"image\":{\"@type\":\"ImageObject\",\"inLanguage\":\"en-US\",\"@id\":\"https:\\\/\\\/herrera-traybel.com\\\/wp-content\\\/uploads\\\/2022\\\/03\\\/Diseno-sin-titulo-2.png\",\"url\":\"https:\\\/\\\/herrera-traybel.com\\\/wp-content\\\/uploads\\\/2022\\\/03\\\/Diseno-sin-titulo-2.png\",\"contentUrl\":\"https:\\\/\\\/herrera-traybel.com\\\/wp-content\\\/uploads\\\/2022\\\/03\\\/Diseno-sin-titulo-2.png\",\"width\":500,\"height\":500,\"caption\":\"Juan Manuel\"},\"logo\":{\"@id\":\"https:\\\/\\\/herrera-traybel.com\\\/wp-content\\\/uploads\\\/2022\\\/03\\\/Diseno-sin-titulo-2.png\"},\"sameAs\":[\"https:\\\/\\\/herrera-traybel.com\"]}]}<\/script>\n<!-- \/ Yoast SEO plugin. -->","yoast_head_json":{"title":"donde comprar el libro - Patagonia Infinita \/ The Book Of Patagonia","robots":{"index":"index","follow":"follow","max-snippet":"max-snippet:-1","max-image-preview":"max-image-preview:large","max-video-preview":"max-video-preview:-1"},"canonical":"https:\/\/herrera-traybel.com\/?page_id=408","og_locale":"en_US","og_type":"article","og_title":"donde comprar el libro - Patagonia Infinita \/ The Book Of Patagonia","og_url":"https:\/\/herrera-traybel.com\/?page_id=408","og_site_name":"Patagonia Infinita \/ The Book Of Patagonia","article_modified_time":"2026-05-16T21:41:19+00:00","og_image":[{"url":"https:\/\/herrera-traybel.com\/wp-content\/uploads\/2026\/05\/WhatsApp-Image-2026-04-21-at-22.08.20.jpeg","type":"","width":"","height":""}],"twitter_card":"summary_large_image","twitter_misc":{"Est. reading time":"4 minutes"},"schema":{"@context":"https:\/\/schema.org","@graph":[{"@type":"WebPage","@id":"https:\/\/herrera-traybel.com\/?page_id=408","url":"https:\/\/herrera-traybel.com\/?page_id=408","name":"donde comprar el libro - Patagonia Infinita \/ The Book Of Patagonia","isPartOf":{"@id":"https:\/\/herrera-traybel.com\/#website"},"primaryImageOfPage":{"@id":"https:\/\/herrera-traybel.com\/?page_id=408#primaryimage"},"image":{"@id":"https:\/\/herrera-traybel.com\/?page_id=408#primaryimage"},"thumbnailUrl":"https:\/\/herrera-traybel.com\/wp-content\/uploads\/2026\/05\/WhatsApp-Image-2026-04-21-at-22.08.20.jpeg","datePublished":"2026-04-06T12:49:11+00:00","dateModified":"2026-05-16T21:41:19+00:00","breadcrumb":{"@id":"https:\/\/herrera-traybel.com\/?page_id=408#breadcrumb"},"inLanguage":"en-US","potentialAction":[{"@type":"ReadAction","target":["https:\/\/herrera-traybel.com\/?page_id=408"]}]},{"@type":"ImageObject","inLanguage":"en-US","@id":"https:\/\/herrera-traybel.com\/?page_id=408#primaryimage","url":"https:\/\/i0.wp.com\/herrera-traybel.com\/wp-content\/uploads\/2026\/05\/WhatsApp-Image-2026-04-21-at-22.08.20.jpeg?fit=1280%2C1280&ssl=1","contentUrl":"https:\/\/i0.wp.com\/herrera-traybel.com\/wp-content\/uploads\/2026\/05\/WhatsApp-Image-2026-04-21-at-22.08.20.jpeg?fit=1280%2C1280&ssl=1","width":1280,"height":1280},{"@type":"BreadcrumbList","@id":"https:\/\/herrera-traybel.com\/?page_id=408#breadcrumb","itemListElement":[{"@type":"ListItem","position":1,"name":"Home","item":"https:\/\/herrera-traybel.com\/"},{"@type":"ListItem","position":2,"name":"donde comprar el libro"}]},{"@type":"WebSite","@id":"https:\/\/herrera-traybel.com\/#website","url":"https:\/\/herrera-traybel.com\/","name":"Patagonia Infinita \/ The Book Of Patagonia","description":"Libro de historia de la Patagonia","publisher":{"@id":"https:\/\/herrera-traybel.com\/#\/schema\/person\/5568d5fc94d31a26ae94c6a1275b7267"},"potentialAction":[{"@type":"SearchAction","target":{"@type":"EntryPoint","urlTemplate":"https:\/\/herrera-traybel.com\/?s={search_term_string}"},"query-input":{"@type":"PropertyValueSpecification","valueRequired":true,"valueName":"search_term_string"}}],"inLanguage":"en-US"},{"@type":["Person","Organization"],"@id":"https:\/\/herrera-traybel.com\/#\/schema\/person\/5568d5fc94d31a26ae94c6a1275b7267","name":"Juan Manuel","image":{"@type":"ImageObject","inLanguage":"en-US","@id":"https:\/\/herrera-traybel.com\/wp-content\/uploads\/2022\/03\/Diseno-sin-titulo-2.png","url":"https:\/\/herrera-traybel.com\/wp-content\/uploads\/2022\/03\/Diseno-sin-titulo-2.png","contentUrl":"https:\/\/herrera-traybel.com\/wp-content\/uploads\/2022\/03\/Diseno-sin-titulo-2.png","width":500,"height":500,"caption":"Juan Manuel"},"logo":{"@id":"https:\/\/herrera-traybel.com\/wp-content\/uploads\/2022\/03\/Diseno-sin-titulo-2.png"},"sameAs":["https:\/\/herrera-traybel.com"]}]}},"jetpack_sharing_enabled":true,"_links":{"self":[{"href":"https:\/\/herrera-traybel.com\/index.php?rest_route=\/wp\/v2\/pages\/408","targetHints":{"allow":["GET"]}}],"collection":[{"href":"https:\/\/herrera-traybel.com\/index.php?rest_route=\/wp\/v2\/pages"}],"about":[{"href":"https:\/\/herrera-traybel.com\/index.php?rest_route=\/wp\/v2\/types\/page"}],"author":[{"embeddable":true,"href":"https:\/\/herrera-traybel.com\/index.php?rest_route=\/wp\/v2\/users\/1"}],"replies":[{"embeddable":true,"href":"https:\/\/herrera-traybel.com\/index.php?rest_route=%2Fwp%2Fv2%2Fcomments&post=408"}],"version-history":[{"count":4,"href":"https:\/\/herrera-traybel.com\/index.php?rest_route=\/wp\/v2\/pages\/408\/revisions"}],"predecessor-version":[{"id":500,"href":"https:\/\/herrera-traybel.com\/index.php?rest_route=\/wp\/v2\/pages\/408\/revisions\/500"}],"wp:attachment":[{"href":"https:\/\/herrera-traybel.com\/index.php?rest_route=%2Fwp%2Fv2%2Fmedia&parent=408"}],"curies":[{"name":"wp","href":"https:\/\/api.w.org\/{rel}","templated":true}]}}