{"id":410,"date":"2026-04-06T12:49:14","date_gmt":"2026-04-06T12:49:14","guid":{"rendered":"https:\/\/demosites.io\/real-estate\/blog\/"},"modified":"2026-04-06T12:49:14","modified_gmt":"2026-04-06T12:49:14","slug":"blog","status":"publish","type":"page","link":"https:\/\/herrera-traybel.com\/?page_id=410","title":{"rendered":"Blog"},"content":{"rendered":"\n<section class=\"wp-block-atomic-wind-box py-24 px-6 bg-[var(--nv-dark-bg)]\">\n<div class=\"wp-block-atomic-wind-box max-w-6xl mx-auto relative overflow-hidden\">\n<img decoding=\"async\" class=\"wp-block-atomic-wind-image absolute inset-0 w-full h-full object-cover opacity-30 -z-10\" src=\"https:\/\/images.unsplash.com\/photo-1569930784237-ea65a702c25f?w=1400&amp;q=80\" alt=\"Charleston real estate market\"\/>\n\n\n\n<div class=\"wp-block-atomic-wind-box flex flex-col items-center text-center gap-6 py-12\">\n<p class=\"wp-block-atomic-wind-text text-xs font-sans font-semibold uppercase tracking-[0.25em] text-[var(--nv-c-1)]\" data-rich-text=\"\">Insights &amp; Guides<\/p>\n\n\n\n<h1 class=\"wp-block-atomic-wind-text text-5xl font-serif font-bold text-[var(--nv-text-dark-bg)]\" data-rich-text=\"\">Market Insights &amp; Living Guides<\/h1>\n\n\n\n<p class=\"wp-block-atomic-wind-text text-xl text-[var(--nv-text-dark-bg)] opacity-90 max-w-2xl\" data-rich-text=\"\">Stay informed with Charleston real estate trends, neighborhood guides, and eco-luxury living tips<\/p>\n<\/div>\n<\/div>\n<\/section>\n\n\n\n<section class=\"wp-block-atomic-wind-box py-24 px-6 bg-[var(--nv-site-bg)]\">\n<div class=\"wp-block-atomic-wind-box max-w-6xl mx-auto\">\n<h2 class=\"wp-block-atomic-wind-text text-3xl font-serif font-bold text-[var(--nv-text-color)] mb-12 text-center\" data-rich-text=\"\">Latest Articles<\/h2>\n\n\n<div class=\"wp-block-atomic-wind-box grid grid-cols-1 md:grid-cols-2 lg:grid-cols-3 gap-8\">\n<div class=\"wp-block-atomic-wind-box flex flex-col bg-white border border-gray-200 rounded-lg overflow-hidden shadow-sm hover:shadow-md transition-shadow\">\n<img decoding=\"async\" class=\"wp-block-atomic-wind-image w-full aspect-video object-cover\" src=\"https:\/\/i0.wp.com\/herrera-traybel.com\/wp-content\/uploads\/2023\/01\/MAgellan-Times.jpg?fit=300%2C408&#038;ssl=1\" alt=\"Conociendo el &#8220;Magellan Times&#8221;\"\/>\n\n\n\n<div class=\"wp-block-atomic-wind-box flex flex-col gap-4 p-6 flex-grow\">\n<span class=\"wp-block-atomic-wind-text text-xs font-semibold uppercase tracking-wide text-[var(--nv-primary-accent)]\" data-rich-text=\"\">Jan 15, 2024<\/span>\n\n\n<h3 class=\"wp-block-atomic-wind-text text-xl font-serif font-bold text-[var(--nv-text-color)] line-clamp-3\" data-rich-text=\"\">Conociendo el &#8220;Magellan Times&#8221;<\/h3>\n\n<p class=\"wp-block-atomic-wind-text text-sm text-gray-600 line-clamp-3 flex-grow\" data-rich-text=\"\">El a\u00f1o 1914, en plena &#8220;\u00e9poca dorada&#8221; de la industria lanera, se fund\u00f3 en Punta Arenas eldiario &#8220;The Magellan Times&#8221;. Este peri\u00f3dico lleg\u00f3 a ser&hellip;<\/p>\n\n\n<a class=\"wp-block-atomic-wind-link text-[var(--nv-primary-accent)] hover:text-[var(--nv-secondary-accent)] font-semibold text-sm transition-colors\" href=\"https:\/\/herrera-traybel.com\/?p=347\">Read More \u2192<\/a>\n<\/div>\n<\/div>\n\n<div class=\"wp-block-atomic-wind-box flex flex-col bg-white border border-gray-200 rounded-lg overflow-hidden shadow-sm hover:shadow-md transition-shadow\">\n<img decoding=\"async\" class=\"wp-block-atomic-wind-image w-full aspect-video object-cover\" src=\"https:\/\/i0.wp.com\/herrera-traybel.com\/wp-content\/uploads\/2023\/01\/PE0000763_4.jpg?fit=300%2C431&#038;ssl=1\" alt=\"Getting to know &#8220;The Magellan Times&#8221;\"\/>\n\n\n\n<div class=\"wp-block-atomic-wind-box flex flex-col gap-4 p-6 flex-grow\">\n<span class=\"wp-block-atomic-wind-text text-xs font-semibold uppercase tracking-wide text-[var(--nv-primary-accent)]\" data-rich-text=\"\">Jan 15, 2024<\/span>\n\n\n<h3 class=\"wp-block-atomic-wind-text text-xl font-serif font-bold text-[var(--nv-text-color)] line-clamp-3\" data-rich-text=\"\">Getting to know &#8220;The Magellan Times&#8221;<\/h3>\n\n<p class=\"wp-block-atomic-wind-text text-sm text-gray-600 line-clamp-3 flex-grow\" data-rich-text=\"\">In 1914, at the height of the wool industry, the newspaper &#8220;The Magellan Times&#8221; was founded in Punta Arenas. The owner and editor was Charles&hellip;<\/p>\n\n\n<a class=\"wp-block-atomic-wind-link text-[var(--nv-primary-accent)] hover:text-[var(--nv-secondary-accent)] font-semibold text-sm transition-colors\" href=\"https:\/\/herrera-traybel.com\/?p=351\">Read More \u2192<\/a>\n<\/div>\n<\/div>\n\n<div class=\"wp-block-atomic-wind-box flex flex-col bg-white border border-gray-200 rounded-lg overflow-hidden shadow-sm hover:shadow-md transition-shadow\">\n<img decoding=\"async\" class=\"wp-block-atomic-wind-image w-full aspect-video object-cover\" src=\"https:\/\/i0.wp.com\/herrera-traybel.com\/wp-content\/uploads\/2023\/01\/PE0000763_4-1.jpg?fit=300%2C431&#038;ssl=1\" alt=\"Die Magellan Times\"\/>\n\n\n\n<div class=\"wp-block-atomic-wind-box flex flex-col gap-4 p-6 flex-grow\">\n<span class=\"wp-block-atomic-wind-text text-xs font-semibold uppercase tracking-wide text-[var(--nv-primary-accent)]\" data-rich-text=\"\">Jan 15, 2024<\/span>\n\n\n<h3 class=\"wp-block-atomic-wind-text text-xl font-serif font-bold text-[var(--nv-text-color)] line-clamp-3\" data-rich-text=\"\">Die Magellan Times<\/h3>\n\n<p class=\"wp-block-atomic-wind-text text-sm text-gray-600 line-clamp-3 flex-grow\" data-rich-text=\"\">Jahr 1914, w\u00e4hrend des &#8220;goldenen Zeitalters&#8221; der Wollindustrie, wurde in Punta Arenas die Zeitung &#8220;TheMagellan Times&#8221; gegr\u00fcndet. Diese Zeitung wurde die am l\u00e4ngsten erscheinende englischsprachigeTageszeitung&hellip;<\/p>\n\n\n<a class=\"wp-block-atomic-wind-link text-[var(--nv-primary-accent)] hover:text-[var(--nv-secondary-accent)] font-semibold text-sm transition-colors\" href=\"https:\/\/herrera-traybel.com\/?p=354\">Read More \u2192<\/a>\n<\/div>\n<\/div>\n\n<div class=\"wp-block-atomic-wind-box flex flex-col bg-white border border-gray-200 rounded-lg overflow-hidden shadow-sm hover:shadow-md transition-shadow\">\n<img decoding=\"async\" class=\"wp-block-atomic-wind-image w-full aspect-video object-cover\" src=\"https:\/\/i0.wp.com\/herrera-traybel.com\/wp-content\/uploads\/2022\/10\/autobus-comodoro.jpg?fit=960%2C603&#038;ssl=1\" alt=\"El transporte urbano en la Patagonia\"\/>\n\n\n\n<div class=\"wp-block-atomic-wind-box flex flex-col gap-4 p-6 flex-grow\">\n<span class=\"wp-block-atomic-wind-text text-xs font-semibold uppercase tracking-wide text-[var(--nv-primary-accent)]\" data-rich-text=\"\">Jan 15, 2024<\/span>\n\n\n<h3 class=\"wp-block-atomic-wind-text text-xl font-serif font-bold text-[var(--nv-text-color)] line-clamp-3\" data-rich-text=\"\">El transporte urbano en la Patagonia<\/h3>\n\n<p class=\"wp-block-atomic-wind-text text-sm text-gray-600 line-clamp-3 flex-grow\" data-rich-text=\"\">El transporte de pasajeros en la Patagonia tuvo un comienzo lento. Fue recien hacia 1920 que los caminos fueron mejorando paulatinamente y permitieron el paso&hellip;<\/p>\n\n\n<a class=\"wp-block-atomic-wind-link text-[var(--nv-primary-accent)] hover:text-[var(--nv-secondary-accent)] font-semibold text-sm transition-colors\" href=\"https:\/\/herrera-traybel.com\/?p=326\">Read More \u2192<\/a>\n<\/div>\n<\/div>\n\n<div class=\"wp-block-atomic-wind-box flex flex-col bg-white border border-gray-200 rounded-lg overflow-hidden shadow-sm hover:shadow-md transition-shadow\">\n<img decoding=\"async\" class=\"wp-block-atomic-wind-image w-full aspect-video object-cover\" src=\"https:\/\/i0.wp.com\/herrera-traybel.com\/wp-content\/uploads\/2022\/10\/1935-san-juan-bosco-cargando-lana.jpg?fit=619%2C1024&#038;ssl=1\" alt=\"Los buques de carga\"\/>\n\n\n\n<div class=\"wp-block-atomic-wind-box flex flex-col gap-4 p-6 flex-grow\">\n<span class=\"wp-block-atomic-wind-text text-xs font-semibold uppercase tracking-wide text-[var(--nv-primary-accent)]\" data-rich-text=\"\">Jan 15, 2024<\/span>\n\n\n<h3 class=\"wp-block-atomic-wind-text text-xl font-serif font-bold text-[var(--nv-text-color)] line-clamp-3\" data-rich-text=\"\">Los buques de carga<\/h3>\n\n<p class=\"wp-block-atomic-wind-text text-sm text-gray-600 line-clamp-3 flex-grow\" data-rich-text=\"\">Incre\u00edbles fueron los cambios que se experimentaron en la Patagonia a principio del Siglo XX. Una inmensidad de terreno fue destinada a la explotaci\u00f3n de&hellip;<\/p>\n\n\n<a class=\"wp-block-atomic-wind-link text-[var(--nv-primary-accent)] hover:text-[var(--nv-secondary-accent)] font-semibold text-sm transition-colors\" href=\"https:\/\/herrera-traybel.com\/?p=322\">Read More \u2192<\/a>\n<\/div>\n<\/div>\n\n<div class=\"wp-block-atomic-wind-box flex flex-col bg-white border border-gray-200 rounded-lg overflow-hidden shadow-sm hover:shadow-md transition-shadow\">\n<img decoding=\"async\" class=\"wp-block-atomic-wind-image w-full aspect-video object-cover\" src=\"https:\/\/i0.wp.com\/herrera-traybel.com\/wp-content\/uploads\/2022\/10\/autobus-comodoro.jpg?fit=960%2C603&#038;ssl=1\" alt=\"Pendeln in Patagonien\"\/>\n\n\n\n<div class=\"wp-block-atomic-wind-box flex flex-col gap-4 p-6 flex-grow\">\n<span class=\"wp-block-atomic-wind-text text-xs font-semibold uppercase tracking-wide text-[var(--nv-primary-accent)]\" data-rich-text=\"\">Jan 15, 2024<\/span>\n\n\n<h3 class=\"wp-block-atomic-wind-text text-xl font-serif font-bold text-[var(--nv-text-color)] line-clamp-3\" data-rich-text=\"\">Pendeln in Patagonien<\/h3>\n\n<p class=\"wp-block-atomic-wind-text text-sm text-gray-600 line-clamp-3 flex-grow\" data-rich-text=\"\">Der Personenverkehr oder das Pendeln in Patagonien hatte einen eher langsamen Start. Erst um 1920 wurde das Stra\u00dfennetz allm\u00e4hlich verbessert und erm\u00f6glichte die Bef\u00f6rderung von&hellip;<\/p>\n\n\n<a class=\"wp-block-atomic-wind-link text-[var(--nv-primary-accent)] hover:text-[var(--nv-secondary-accent)] font-semibold text-sm transition-colors\" href=\"https:\/\/herrera-traybel.com\/?p=338\">Read More \u2192<\/a>\n<\/div>\n<\/div>\n<\/div><\/div>\n<\/section>\n\n\n\n<section class=\"wp-block-atomic-wind-box py-24 px-6 bg-[var(--nv-light-bg)]\">\n<div class=\"wp-block-atomic-wind-box max-w-6xl mx-auto flex flex-col items-center text-center gap-6\">\n<p class=\"wp-block-atomic-wind-text text-xs font-sans font-semibold uppercase tracking-[0.25em] text-[var(--nv-primary-accent)]\" data-rich-text=\"\">Stay Connected<\/p>\n\n\n\n<h2 class=\"wp-block-atomic-wind-text text-3xl font-serif font-bold text-[var(--nv-text-color)]\" data-rich-text=\"\">Subscribe to Our Newsletter<\/h2>\n\n\n\n<p class=\"wp-block-atomic-wind-text text-lg text-gray-600 max-w-2xl\" data-rich-text=\"\">Get the latest Charleston real estate insights and neighborhood updates delivered to your inbox.<\/p>\n\n\n\n<a class=\"wp-block-atomic-wind-link px-8 py-3 bg-[var(--nv-primary-accent)] text-white font-semibold rounded-lg hover:bg-[var(--nv-secondary-accent)] transition-colors\" href=\"https:\/\/herrera-traybel.com\/contact\">Sign Up Now<\/a>\n<\/div>\n<\/section>\n","protected":false},"excerpt":{"rendered":"","protected":false},"author":1,"featured_media":0,"parent":0,"menu_order":0,"comment_status":"closed","ping_status":"closed","template":"","meta":{"content-type":"","_monsterinsights_skip_tracking":false,"_monsterinsights_sitenote_active":false,"_monsterinsights_sitenote_note":"","_monsterinsights_sitenote_category":0,"neve_meta_sidebar":"","neve_meta_container":"","neve_meta_enable_content_width":"on","neve_meta_content_width":100,"neve_meta_title_alignment":"","neve_meta_author_avatar":"","neve_post_elements_order":"","neve_meta_disable_header":"","neve_meta_disable_footer":"","neve_meta_disable_title":"","_themeisle_gutenberg_block_has_review":false,"footnotes":""},"class_list":["post-410","page","type-page","status-publish","hentry"],"yoast_head":"<!-- This site is optimized with the Yoast SEO plugin v27.6 - https:\/\/yoast.com\/product\/yoast-seo-wordpress\/ -->\n<title>Blog - Juan<\/title>\n<meta name=\"robots\" content=\"index, follow, max-snippet:-1, max-image-preview:large, max-video-preview:-1\" \/>\n<link rel=\"canonical\" href=\"https:\/\/herrera-traybel.com\/?page_id=410\" \/>\n<meta property=\"og:locale\" content=\"en_US\" \/>\n<meta property=\"og:type\" content=\"article\" \/>\n<meta property=\"og:title\" content=\"Blog - Juan\" \/>\n<meta property=\"og:url\" content=\"https:\/\/herrera-traybel.com\/?page_id=410\" \/>\n<meta property=\"og:site_name\" content=\"Juan\" \/>\n<meta property=\"og:image\" content=\"https:\/\/images.unsplash.com\/photo-1569930784237-ea65a702c25f?w=1400&amp;q=80\" \/>\n<meta name=\"twitter:card\" content=\"summary_large_image\" \/>\n<script type=\"application\/ld+json\" class=\"yoast-schema-graph\">{\"@context\":\"https:\\\/\\\/schema.org\",\"@graph\":[{\"@type\":[\"WebPage\",\"CollectionPage\"],\"@id\":\"https:\\\/\\\/herrera-traybel.com\\\/?page_id=410\",\"url\":\"https:\\\/\\\/herrera-traybel.com\\\/?page_id=410\",\"name\":\"Blog - Juan\",\"isPartOf\":{\"@id\":\"https:\\\/\\\/herrera-traybel.com\\\/#website\"},\"primaryImageOfPage\":{\"@id\":\"https:\\\/\\\/herrera-traybel.com\\\/?page_id=410#primaryimage\"},\"image\":{\"@id\":\"https:\\\/\\\/herrera-traybel.com\\\/?page_id=410#primaryimage\"},\"thumbnailUrl\":\"https:\\\/\\\/images.unsplash.com\\\/photo-1569930784237-ea65a702c25f?w=1400&amp;q=80\",\"datePublished\":\"2026-04-06T12:49:14+00:00\",\"breadcrumb\":{\"@id\":\"https:\\\/\\\/herrera-traybel.com\\\/?page_id=410#breadcrumb\"},\"inLanguage\":\"en-US\"},{\"@type\":\"ImageObject\",\"inLanguage\":\"en-US\",\"@id\":\"https:\\\/\\\/herrera-traybel.com\\\/?page_id=410#primaryimage\",\"url\":\"https:\\\/\\\/images.unsplash.com\\\/photo-1569930784237-ea65a702c25f?w=1400&amp;q=80\",\"contentUrl\":\"https:\\\/\\\/images.unsplash.com\\\/photo-1569930784237-ea65a702c25f?w=1400&amp;q=80\"},{\"@type\":\"BreadcrumbList\",\"@id\":\"https:\\\/\\\/herrera-traybel.com\\\/?page_id=410#breadcrumb\",\"itemListElement\":[{\"@type\":\"ListItem\",\"position\":1,\"name\":\"Home\",\"item\":\"https:\\\/\\\/herrera-traybel.com\\\/\"},{\"@type\":\"ListItem\",\"position\":2,\"name\":\"Blog\"}]},{\"@type\":\"WebSite\",\"@id\":\"https:\\\/\\\/herrera-traybel.com\\\/#website\",\"url\":\"https:\\\/\\\/herrera-traybel.com\\\/\",\"name\":\"Juan\",\"description\":\"Escritor independiente aficionado a la historia de la Patagonia\",\"publisher\":{\"@id\":\"https:\\\/\\\/herrera-traybel.com\\\/#\\\/schema\\\/person\\\/5568d5fc94d31a26ae94c6a1275b7267\"},\"potentialAction\":[{\"@type\":\"SearchAction\",\"target\":{\"@type\":\"EntryPoint\",\"urlTemplate\":\"https:\\\/\\\/herrera-traybel.com\\\/?s={search_term_string}\"},\"query-input\":{\"@type\":\"PropertyValueSpecification\",\"valueRequired\":true,\"valueName\":\"search_term_string\"}}],\"inLanguage\":\"en-US\"},{\"@type\":[\"Person\",\"Organization\"],\"@id\":\"https:\\\/\\\/herrera-traybel.com\\\/#\\\/schema\\\/person\\\/5568d5fc94d31a26ae94c6a1275b7267\",\"name\":\"Juan Manuel\",\"image\":{\"@type\":\"ImageObject\",\"inLanguage\":\"en-US\",\"@id\":\"https:\\\/\\\/herrera-traybel.com\\\/wp-content\\\/uploads\\\/2022\\\/03\\\/Diseno-sin-titulo-2.png\",\"url\":\"https:\\\/\\\/herrera-traybel.com\\\/wp-content\\\/uploads\\\/2022\\\/03\\\/Diseno-sin-titulo-2.png\",\"contentUrl\":\"https:\\\/\\\/herrera-traybel.com\\\/wp-content\\\/uploads\\\/2022\\\/03\\\/Diseno-sin-titulo-2.png\",\"width\":500,\"height\":500,\"caption\":\"Juan Manuel\"},\"logo\":{\"@id\":\"https:\\\/\\\/herrera-traybel.com\\\/wp-content\\\/uploads\\\/2022\\\/03\\\/Diseno-sin-titulo-2.png\"},\"sameAs\":[\"https:\\\/\\\/herrera-traybel.com\"]}]}<\/script>\n<!-- \/ Yoast SEO plugin. -->","yoast_head_json":{"title":"Blog - Juan","robots":{"index":"index","follow":"follow","max-snippet":"max-snippet:-1","max-image-preview":"max-image-preview:large","max-video-preview":"max-video-preview:-1"},"canonical":"https:\/\/herrera-traybel.com\/?page_id=410","og_locale":"en_US","og_type":"article","og_title":"Blog - Juan","og_url":"https:\/\/herrera-traybel.com\/?page_id=410","og_site_name":"Juan","og_image":[{"url":"https:\/\/images.unsplash.com\/photo-1569930784237-ea65a702c25f?w=1400&amp;q=80","type":"","width":"","height":""}],"twitter_card":"summary_large_image","schema":{"@context":"https:\/\/schema.org","@graph":[{"@type":["WebPage","CollectionPage"],"@id":"https:\/\/herrera-traybel.com\/?page_id=410","url":"https:\/\/herrera-traybel.com\/?page_id=410","name":"Blog - Juan","isPartOf":{"@id":"https:\/\/herrera-traybel.com\/#website"},"primaryImageOfPage":{"@id":"https:\/\/herrera-traybel.com\/?page_id=410#primaryimage"},"image":{"@id":"https:\/\/herrera-traybel.com\/?page_id=410#primaryimage"},"thumbnailUrl":"https:\/\/images.unsplash.com\/photo-1569930784237-ea65a702c25f?w=1400&amp;q=80","datePublished":"2026-04-06T12:49:14+00:00","breadcrumb":{"@id":"https:\/\/herrera-traybel.com\/?page_id=410#breadcrumb"},"inLanguage":"en-US"},{"@type":"ImageObject","inLanguage":"en-US","@id":"https:\/\/herrera-traybel.com\/?page_id=410#primaryimage","url":"https:\/\/images.unsplash.com\/photo-1569930784237-ea65a702c25f?w=1400&amp;q=80","contentUrl":"https:\/\/images.unsplash.com\/photo-1569930784237-ea65a702c25f?w=1400&amp;q=80"},{"@type":"BreadcrumbList","@id":"https:\/\/herrera-traybel.com\/?page_id=410#breadcrumb","itemListElement":[{"@type":"ListItem","position":1,"name":"Home","item":"https:\/\/herrera-traybel.com\/"},{"@type":"ListItem","position":2,"name":"Blog"}]},{"@type":"WebSite","@id":"https:\/\/herrera-traybel.com\/#website","url":"https:\/\/herrera-traybel.com\/","name":"Juan","description":"Escritor independiente aficionado a la historia de la Patagonia","publisher":{"@id":"https:\/\/herrera-traybel.com\/#\/schema\/person\/5568d5fc94d31a26ae94c6a1275b7267"},"potentialAction":[{"@type":"SearchAction","target":{"@type":"EntryPoint","urlTemplate":"https:\/\/herrera-traybel.com\/?s={search_term_string}"},"query-input":{"@type":"PropertyValueSpecification","valueRequired":true,"valueName":"search_term_string"}}],"inLanguage":"en-US"},{"@type":["Person","Organization"],"@id":"https:\/\/herrera-traybel.com\/#\/schema\/person\/5568d5fc94d31a26ae94c6a1275b7267","name":"Juan Manuel","image":{"@type":"ImageObject","inLanguage":"en-US","@id":"https:\/\/herrera-traybel.com\/wp-content\/uploads\/2022\/03\/Diseno-sin-titulo-2.png","url":"https:\/\/herrera-traybel.com\/wp-content\/uploads\/2022\/03\/Diseno-sin-titulo-2.png","contentUrl":"https:\/\/herrera-traybel.com\/wp-content\/uploads\/2022\/03\/Diseno-sin-titulo-2.png","width":500,"height":500,"caption":"Juan Manuel"},"logo":{"@id":"https:\/\/herrera-traybel.com\/wp-content\/uploads\/2022\/03\/Diseno-sin-titulo-2.png"},"sameAs":["https:\/\/herrera-traybel.com"]}]}},"jetpack_sharing_enabled":true,"_links":{"self":[{"href":"https:\/\/herrera-traybel.com\/index.php?rest_route=\/wp\/v2\/pages\/410","targetHints":{"allow":["GET"]}}],"collection":[{"href":"https:\/\/herrera-traybel.com\/index.php?rest_route=\/wp\/v2\/pages"}],"about":[{"href":"https:\/\/herrera-traybel.com\/index.php?rest_route=\/wp\/v2\/types\/page"}],"author":[{"embeddable":true,"href":"https:\/\/herrera-traybel.com\/index.php?rest_route=\/wp\/v2\/users\/1"}],"replies":[{"embeddable":true,"href":"https:\/\/herrera-traybel.com\/index.php?rest_route=%2Fwp%2Fv2%2Fcomments&post=410"}],"version-history":[{"count":0,"href":"https:\/\/herrera-traybel.com\/index.php?rest_route=\/wp\/v2\/pages\/410\/revisions"}],"wp:attachment":[{"href":"https:\/\/herrera-traybel.com\/index.php?rest_route=%2Fwp%2Fv2%2Fmedia&parent=410"}],"curies":[{"name":"wp","href":"https:\/\/api.w.org\/{rel}","templated":true}]}}