{"id":5,"date":"2026-04-06T12:49:08","date_gmt":"2026-04-06T12:49:08","guid":{"rendered":"https:\/\/demosites.io\/real-estate\/about\/"},"modified":"2026-05-16T21:31:43","modified_gmt":"2026-05-16T21:31:43","slug":"about","status":"publish","type":"page","link":"https:\/\/herrera-traybel.com\/?page_id=5","title":{"rendered":"About"},"content":{"rendered":"\n<section class=\"wp-block-atomic-wind-box relative bg-[var(--nv-dark-bg)] py-32 md:py-40 px-6\">\n<img data-recalc-dims=\"1\" decoding=\"async\" class=\"wp-block-atomic-wind-image absolute inset-0 w-full h-full object-cover opacity-30\" src=\"https:\/\/i0.wp.com\/herrera-traybel.com\/wp-content\/uploads\/2026\/05\/DSC_6998-scaled.jpg?w=1200&#038;ssl=1\" alt=\"\"\/>\n\n\n\n<div class=\"wp-block-atomic-wind-box relative max-w-5xl mx-auto text-center flex flex-col items-center gap-6\">\n<span class=\"wp-block-atomic-wind-text text-xs font-sans font-semibold uppercase tracking-[0.25em] text-[var(--nv-c-1)]\" data-rich-text=\"\"><strong>Patagonia narrada desde el territorio<\/strong><\/span>\n\n\n\n<h1 class=\"wp-block-atomic-wind-text text-[var(--nv-text-dark-bg)] text-center\" data-rich-text=\"\">Sobre el autor<\/h1>\n\n\n\n<p class=\"wp-block-atomic-wind-text text-lg md:text-xl text-[var(--nv-text-dark-bg)] opacity-80 max-w-2xl\" data-rich-text=\"\">Curador de museo y escritor dedicado a documentar historias, paisajes y memorias vinculadas a la Patagonia.<\/p>\n<\/div>\n<\/section>\n\n\n\n<section class=\"wp-block-atomic-wind-box bg-[var(--nv-site-bg)] py-24 px-6\">\n<div class=\"wp-block-atomic-wind-box max-w-6xl mx-auto flex flex-col md:flex-row gap-12 items-center\">\n<div class=\"wp-block-atomic-wind-box w-full md:w-1\/2\">\n<img data-recalc-dims=\"1\" decoding=\"async\" class=\"wp-block-atomic-wind-image w-full h-96 object-cover rounded-sm\" src=\"https:\/\/i0.wp.com\/herrera-traybel.com\/wp-content\/uploads\/2022\/03\/Fotos-051.jpg?w=1200&#038;ssl=1\" alt=\"\"\/>\n<\/div>\n\n\n\n<div class=\"wp-block-atomic-wind-box w-full md:w-1\/2 flex flex-col gap-5\">\n<span class=\"wp-block-atomic-wind-text text-xs font-sans font-semibold uppercase tracking-[0.25em] text-[var(--nv-primary-accent)]\" data-rich-text=\"\">Una vida vinculada al sur<\/span>\n\n\n\n<h2 class=\"wp-block-atomic-wind-text text-[var(--nv-text-color)]\" data-rich-text=\"\">Desde 2006 en la Patagonia<\/h2>\n\n\n\n<p class=\"wp-block-atomic-wind-text text-[var(--nv-c-2)] leading-relaxed\" data-rich-text=\"\">Patagonia Infinita nace de a\u00f1os de observaci\u00f3n, viajes y trabajo sobre el territorio patag\u00f3nico. El proyecto re\u00fane historia, paisaje y relatos humanos para construir una mirada documental y accesible sobre una de las regiones m\u00e1s extraordinarias del mundo.<\/p>\n\n\n\n<p class=\"wp-block-atomic-wind-text text-[var(--nv-c-2)] leading-relaxed\" data-rich-text=\"\">Trabajando en estancias, reservas naturales, parques nacionales, agencias de turismo y afines, pude reunir la experiencia necesaria para encarar proyectos de naturaleza hist\u00f3rica y convertirme en curador de un museo en una estancia patag\u00f3nica centenaria.<\/p>\n<\/div>\n<\/div>\n<\/section>\n\n\n\n<section class=\"wp-block-atomic-wind-box bg-[var(--nv-light-bg)] py-24 px-6\">\n<div class=\"wp-block-atomic-wind-box max-w-6xl mx-auto flex flex-col gap-10\">\n<div class=\"wp-block-atomic-wind-box text-center flex flex-col gap-4\">\n<span class=\"wp-block-atomic-wind-text text-xs font-sans font-semibold uppercase tracking-[0.25em] text-[var(--nv-primary-accent)]\" data-rich-text=\"\">Los pilares<\/span>\n\n\n\n<h2 class=\"wp-block-atomic-wind-text text-[var(--nv-text-color)]\" data-rich-text=\"\">Lo que sostiene el proyecto<\/h2>\n<\/div>\n\n\n\n<div class=\"wp-block-atomic-wind-box grid grid-cols-1 md:grid-cols-3 gap-8\">\n<div class=\"wp-block-atomic-wind-box bg-white p-8 flex flex-col gap-4 border border-[var(--nv-c-2)]\/10 hover:shadow-lg transition-shadow\"><svg class=\"size-10 text-[var(--nv-primary-accent)] wp-block-atomic-wind-icon\" viewBox=\"0 0 24 24\" fill=\"none\" stroke=\"currentColor\" stroke-width=\"2\" stroke-linecap=\"round\" stroke-linejoin=\"round\"><path d=\"M20 13c0 5-3.5 7.5-7.66 8.95a1 1 0 0 1-.67-.01C7.5 20.5 4 18 4 13V6a1 1 0 0 1 1-1c2 0 4.5-1.2 6.24-2.72a1.17 1.17 0 0 1 1.52 0C14.51 3.81 17 5 19 5a1 1 0 0 1 1 1z\" \/><\/svg>\n\n\n<h3 class=\"wp-block-atomic-wind-text text-lg font-serif text-[var(--nv-text-color)]\" data-rich-text=\"\">Historia<\/h3>\n\n\n\n<p class=\"wp-block-atomic-wind-text text-sm text-[var(--nv-c-2)] leading-relaxed\" data-rich-text=\"\">Documentaci\u00f3n y difusi\u00f3n de relatos vinculados a la Patagonia. Los mismos fueron seleccionados cuidadosamente para dar sentido al car\u00e1cter patag\u00f3nico actual.<br>.<\/p>\n<\/div>\n\n\n\n<div class=\"wp-block-atomic-wind-box bg-white p-8 flex flex-col gap-4 border border-[var(--nv-c-2)]\/10 hover:shadow-lg transition-shadow\"><svg class=\"size-10 text-[var(--nv-secondary-accent)] wp-block-atomic-wind-icon\" viewBox=\"0 0 24 24\" fill=\"none\" stroke=\"currentColor\" stroke-width=\"2\" stroke-linecap=\"round\" stroke-linejoin=\"round\"><path d=\"M11 20A7 7 0 0 1 9.8 6.1C15.5 5 17 4.48 19 2c1 2 2 4.18 2 8 0 5.5-4.78 10-10 10Z\" \/><path d=\"M2 21c0-3 1.85-5.36 5.08-6C9.5 14.52 12 13 13 12\" \/><\/svg>\n\n\n<h3 class=\"wp-block-atomic-wind-text text-lg font-serif text-[var(--nv-text-color)]\" data-rich-text=\"\">Territorio<\/h3>\n\n\n\n<p class=\"wp-block-atomic-wind-text text-sm text-[var(--nv-c-2)] leading-relaxed\" data-rich-text=\"\">Una mirada construida desde la experiencia directa y el paisaje real.<br>M\u00e1s de 7 a\u00f1os viviendo y respirando los aires del sur me dieron la posibilidad de asimilar los conocimientos que se volcaron en la obra.<\/p>\n<\/div>\n\n\n\n<div class=\"wp-block-atomic-wind-box bg-white p-8 flex flex-col gap-4 border border-[var(--nv-c-2)]\/10 hover:shadow-lg transition-shadow\"><svg class=\"size-10 text-[var(--nv-primary-accent)] wp-block-atomic-wind-icon\" viewBox=\"0 0 24 24\" fill=\"none\" stroke=\"currentColor\" stroke-width=\"2\" stroke-linecap=\"round\" stroke-linejoin=\"round\"><path d=\"M2 9.5a5.5 5.5 0 0 1 9.591-3.676.56.56 0 0 0 .818 0A5.49 5.49 0 0 1 22 9.5c0 2.29-1.5 4-3 5.5l-5.492 5.313a2 2 0 0 1-3 .019L5 15c-1.5-1.5-3-3.2-3-5.5\" \/><\/svg>\n\n\n<h3 class=\"wp-block-atomic-wind-text text-lg font-serif text-[var(--nv-text-color)]\" data-rich-text=\"\">Memoria<\/h3>\n\n\n\n<p class=\"wp-block-atomic-wind-text text-sm text-[var(--nv-c-2)] leading-relaxed\" data-rich-text=\"\">Historias, lugares y personas que forman parte del imaginario patag\u00f3nico: El Perito Moreno, la colonia galesa, la &#8220;Patagonia Rebelde&#8221;, la creaci\u00f3n de los Parques Nacionales, entre otros&#8230;<\/p>\n<\/div>\n<\/div>\n<\/div>\n<\/section>\n\n\n\n<section class=\"wp-block-atomic-wind-box bg-[var(--nv-site-bg)] py-24 px-6\">\n<div class=\"wp-block-atomic-wind-box max-w-6xl mx-auto flex flex-col md:flex-row-reverse gap-12 items-center\">\n<div class=\"wp-block-group is-nowrap is-layout-flex wp-container-core-group-is-layout-ad2f72ca wp-block-group-is-layout-flex\">\n<div class=\"wp-block-atomic-wind-box w-full md:w-1\/2 flex flex-col gap-5\">\n<span class=\"wp-block-atomic-wind-text text-xs font-sans font-semibold uppercase tracking-[0.25em] text-[var(--nv-primary-accent)]\" data-rich-text=\"\">Conoce al autor<\/span>\n\n\n\n<h2 class=\"wp-block-atomic-wind-text text-[var(--nv-text-color)]\" data-rich-text=\"\">Juan Manuel Herrera Traybel<\/h2>\n\n\n\n<p class=\"wp-block-atomic-wind-text text-sm uppercase tracking-wider text-[var(--nv-c-1)] font-semibold\" data-rich-text=\"\">ex-gu\u00eda de parques nacionales, curador y autor<\/p>\n\n\n\n<p>Juan Manuel Herrera Traybel es curador de museo y autor de Patagonia Infinita. Su trabajo se centra en la documentaci\u00f3n y divulgaci\u00f3n de historias relacionadas con la Patagonia, combinando investigaci\u00f3n, experiencia territorial y narrativa visual.<\/p>\n\n\n\n<p>Residi\u00f3 en Tierra del Fuego, en una estancia y en la ciudad de Ushuaia. Despu\u00e9s de unos a\u00f1os, pas\u00f3 a la provincia de Santa Cruz y trabajar en el Parque Nacional Los Glaciares.<br>All\u00ed trabaj\u00f3 en el museo de una Estancia, experiencia que le vali\u00f3 para poder volcarse a escribir este libro a\u00f1os m\u00e1s tarde.<br><\/p>\n\n\n\n<p><\/p>\n<\/div>\n\n\n\n<div class=\"wp-block-atomic-wind-box w-full md:w-1\/2\">\n<img data-recalc-dims=\"1\" decoding=\"async\" class=\"wp-block-atomic-wind-image w-full h-96 object-cover rounded-sm\" src=\"https:\/\/i0.wp.com\/herrera-traybel.com\/wp-content\/uploads\/2026\/05\/A7I9400.jpg?w=1200&#038;ssl=1\" alt=\"\"\/>\n<\/div>\n<\/div>\n<\/div>\n<\/section>\n\n\n\n<section class=\"wp-block-atomic-wind-box bg-[var(--nv-light-bg)] py-24 px-6\">\n<div class=\"wp-block-atomic-wind-box max-w-6xl mx-auto flex flex-col md:flex-row gap-12 items-center\">\n<div class=\"wp-block-atomic-wind-box w-full md:w-1\/2\">\n<img data-recalc-dims=\"1\" decoding=\"async\" class=\"wp-block-atomic-wind-image w-full h-96 object-cover rounded-sm\" src=\"https:\/\/i0.wp.com\/herrera-traybel.com\/wp-content\/uploads\/2026\/05\/IMeG_6408-scaled.jpg?w=1200&#038;ssl=1\" alt=\"\"\/>\n<\/div>\n\n\n\n<div class=\"wp-block-atomic-wind-box w-full md:w-1\/2 flex flex-col gap-5\">\n<span class=\"wp-block-atomic-wind-text text-xs font-sans font-semibold uppercase tracking-[0.25em] text-[var(--nv-primary-accent)]\" data-rich-text=\"\">por que leer este libro<\/span>\n\n\n\n<h2 class=\"wp-block-atomic-wind-text text-[var(--nv-text-color)]\" data-rich-text=\"\">El esp\u00edritu  de la Patagonia<\/h2>\n\n\n\n<p>M\u00e1s que un destino, la Patagonia representa una forma de entender la distancia, el clima, el aislamiento y la relaci\u00f3n entre las personas y el territorio. Patagonia Infinita busca acercar esa experiencia al lector desde una perspectiva hist\u00f3rica y humana.<\/p>\n\n\n\n<div class=\"wp-block-atomic-wind-box grid grid-cols-2 gap-6 mt-4\">\n<div class=\"wp-block-atomic-wind-box flex flex-col gap-1\">\n<span class=\"wp-block-atomic-wind-text text-2xl font-bold text-[var(--nv-primary-accent)]\" data-rich-text=\"\">4<\/span>\n\n\n\n<p class=\"wp-block-atomic-wind-text text-sm text-[var(--nv-c-2)]\" data-rich-text=\"\">a\u00f1os de investigaci\u00f3n y escritura<\/p>\n<\/div>\n\n\n\n<div class=\"wp-block-atomic-wind-box flex flex-col gap-1\">\n<span class=\"wp-block-atomic-wind-text text-2xl font-bold text-[var(--nv-primary-accent)]\" data-rich-text=\"\">+100<\/span>\n\n\n\n<p class=\"wp-block-atomic-wind-text text-sm text-[var(--nv-c-2)]\" data-rich-text=\"\">fotograf\u00edas antiguas<\/p>\n<\/div>\n\n\n\n<div class=\"wp-block-atomic-wind-box flex flex-col gap-1\">\n<span class=\"wp-block-atomic-wind-text text-2xl font-bold text-[var(--nv-primary-accent)]\" data-rich-text=\"\">+150<\/span>\n\n\n\n<p class=\"wp-block-atomic-wind-text text-sm text-[var(--nv-c-2)]\" data-rich-text=\"\">opiniones globales <\/p>\n<\/div>\n\n\n\n<div class=\"wp-block-atomic-wind-box flex flex-col gap-1\">\n<span class=\"wp-block-atomic-wind-text text-2xl font-bold text-[var(--nv-primary-accent)]\" data-rich-text=\"\">4\/5 <\/span>\n\n\n\n<p class=\"wp-block-atomic-wind-text text-sm text-[var(--nv-c-2)]\" data-rich-text=\"\">promedio de valoraci\u00f3n<\/p>\n<\/div>\n<\/div>\n<\/div>\n<\/div>\n<\/section>\n\n\n\n<section class=\"wp-block-atomic-wind-box bg-[var(--nv-dark-bg)] py-20 px-6\">\n<div class=\"wp-block-atomic-wind-box max-w-3xl mx-auto text-center flex flex-col gap-6\">\n<span class=\"wp-block-atomic-wind-text text-xs font-sans font-semibold uppercase tracking-[0.25em] text-[var(--nv-c-1)]\" data-rich-text=\"\">ponete en contacto<\/span>\n\n\n\n<h2 class=\"wp-block-atomic-wind-text text-[var(--nv-text-dark-bg)]\" data-rich-text=\"\">Listo para comenzar a leer?<\/h2>\n\n\n\n<p class=\"wp-block-atomic-wind-text text-[var(--nv-text-dark-bg)] opacity-70 max-w-xl mx-auto\" data-rich-text=\"\">Para obtener el libro clicke\u00e1 debajo para ver donde podes encontrarlo.<\/p>\n\n\n\n<a class=\"wp-block-atomic-wind-link inline-block px-8 py-4 bg-[var(--nv-primary-accent)] text-white font-sans font-semibold text-sm uppercase tracking-wider hover:opacity-90 transition-opacity mx-auto\" href=\"https:\/\/herrera-traybel.com\/?page_id=408\">CONSEGU\u00cd TU COPIA<\/a>\n<\/div>\n<\/section>\n\n\n\n<p><\/p>\n","protected":false},"excerpt":{"rendered":"","protected":false},"author":1,"featured_media":0,"parent":0,"menu_order":0,"comment_status":"closed","ping_status":"closed","template":"","meta":{"content-type":"","_monsterinsights_skip_tracking":false,"_monsterinsights_sitenote_active":false,"_monsterinsights_sitenote_note":"","_monsterinsights_sitenote_category":0,"neve_meta_sidebar":"","neve_meta_container":"","neve_meta_enable_content_width":"on","neve_meta_content_width":100,"neve_meta_title_alignment":"","neve_meta_author_avatar":"","neve_post_elements_order":"","neve_meta_disable_header":"","neve_meta_disable_footer":"","neve_meta_disable_title":"","_themeisle_gutenberg_block_has_review":false,"footnotes":""},"class_list":["post-5","page","type-page","status-publish","hentry"],"yoast_head":"<!-- This site is optimized with the Yoast SEO plugin v27.6 - https:\/\/yoast.com\/product\/yoast-seo-wordpress\/ -->\n<title>About - Patagonia Infinita \/ The Book Of Patagonia<\/title>\n<meta name=\"description\" content=\"Conozca mas sobre el autor, curador de un museo y ex-guia de parques nacionales. Get to know about the author, museum curator of an estancia.\" \/>\n<meta name=\"robots\" content=\"index, follow, max-snippet:-1, max-image-preview:large, max-video-preview:-1\" \/>\n<link rel=\"canonical\" href=\"https:\/\/herrera-traybel.com\/?page_id=5\" \/>\n<meta property=\"og:locale\" content=\"en_US\" \/>\n<meta property=\"og:type\" content=\"article\" \/>\n<meta property=\"og:title\" content=\"About - Patagonia Infinita \/ The Book Of Patagonia\" \/>\n<meta property=\"og:description\" content=\"Conozca mas sobre el autor, curador de un museo y ex-guia de parques nacionales. Get to know about the author, museum curator of an estancia.\" \/>\n<meta property=\"og:url\" content=\"https:\/\/herrera-traybel.com\/?page_id=5\" \/>\n<meta property=\"og:site_name\" content=\"Patagonia Infinita \/ The Book Of Patagonia\" \/>\n<meta property=\"article:modified_time\" content=\"2026-05-16T21:31:43+00:00\" \/>\n<meta property=\"og:image\" content=\"https:\/\/herrera-traybel.com\/wp-content\/uploads\/2026\/05\/DSC_6998-scaled.jpg\" \/>\n<meta name=\"twitter:card\" content=\"summary_large_image\" \/>\n<meta name=\"twitter:label1\" content=\"Est. reading time\" \/>\n\t<meta name=\"twitter:data1\" content=\"3 minutes\" \/>\n<script type=\"application\/ld+json\" class=\"yoast-schema-graph\">{\"@context\":\"https:\\\/\\\/schema.org\",\"@graph\":[{\"@type\":\"WebPage\",\"@id\":\"https:\\\/\\\/herrera-traybel.com\\\/?page_id=5\",\"url\":\"https:\\\/\\\/herrera-traybel.com\\\/?page_id=5\",\"name\":\"About - Patagonia Infinita \\\/ The Book Of Patagonia\",\"isPartOf\":{\"@id\":\"https:\\\/\\\/herrera-traybel.com\\\/#website\"},\"primaryImageOfPage\":{\"@id\":\"https:\\\/\\\/herrera-traybel.com\\\/?page_id=5#primaryimage\"},\"image\":{\"@id\":\"https:\\\/\\\/herrera-traybel.com\\\/?page_id=5#primaryimage\"},\"thumbnailUrl\":\"https:\\\/\\\/herrera-traybel.com\\\/wp-content\\\/uploads\\\/2026\\\/05\\\/DSC_6998-scaled.jpg\",\"datePublished\":\"2026-04-06T12:49:08+00:00\",\"dateModified\":\"2026-05-16T21:31:43+00:00\",\"description\":\"Conozca mas sobre el autor, curador de un museo y ex-guia de parques nacionales. Get to know about the author, museum curator of an estancia.\",\"breadcrumb\":{\"@id\":\"https:\\\/\\\/herrera-traybel.com\\\/?page_id=5#breadcrumb\"},\"inLanguage\":\"en-US\",\"potentialAction\":[{\"@type\":\"ReadAction\",\"target\":[\"https:\\\/\\\/herrera-traybel.com\\\/?page_id=5\"]}]},{\"@type\":\"ImageObject\",\"inLanguage\":\"en-US\",\"@id\":\"https:\\\/\\\/herrera-traybel.com\\\/?page_id=5#primaryimage\",\"url\":\"https:\\\/\\\/i0.wp.com\\\/herrera-traybel.com\\\/wp-content\\\/uploads\\\/2026\\\/05\\\/DSC_6998-scaled.jpg?fit=2560%2C1440&ssl=1\",\"contentUrl\":\"https:\\\/\\\/i0.wp.com\\\/herrera-traybel.com\\\/wp-content\\\/uploads\\\/2026\\\/05\\\/DSC_6998-scaled.jpg?fit=2560%2C1440&ssl=1\",\"width\":2560,\"height\":1440},{\"@type\":\"BreadcrumbList\",\"@id\":\"https:\\\/\\\/herrera-traybel.com\\\/?page_id=5#breadcrumb\",\"itemListElement\":[{\"@type\":\"ListItem\",\"position\":1,\"name\":\"Home\",\"item\":\"https:\\\/\\\/herrera-traybel.com\\\/\"},{\"@type\":\"ListItem\",\"position\":2,\"name\":\"About\"}]},{\"@type\":\"WebSite\",\"@id\":\"https:\\\/\\\/herrera-traybel.com\\\/#website\",\"url\":\"https:\\\/\\\/herrera-traybel.com\\\/\",\"name\":\"Patagonia Infinita \\\/ The Book Of Patagonia\",\"description\":\"Libro de historia de la Patagonia\",\"publisher\":{\"@id\":\"https:\\\/\\\/herrera-traybel.com\\\/#\\\/schema\\\/person\\\/5568d5fc94d31a26ae94c6a1275b7267\"},\"potentialAction\":[{\"@type\":\"SearchAction\",\"target\":{\"@type\":\"EntryPoint\",\"urlTemplate\":\"https:\\\/\\\/herrera-traybel.com\\\/?s={search_term_string}\"},\"query-input\":{\"@type\":\"PropertyValueSpecification\",\"valueRequired\":true,\"valueName\":\"search_term_string\"}}],\"inLanguage\":\"en-US\"},{\"@type\":[\"Person\",\"Organization\"],\"@id\":\"https:\\\/\\\/herrera-traybel.com\\\/#\\\/schema\\\/person\\\/5568d5fc94d31a26ae94c6a1275b7267\",\"name\":\"Juan Manuel\",\"image\":{\"@type\":\"ImageObject\",\"inLanguage\":\"en-US\",\"@id\":\"https:\\\/\\\/herrera-traybel.com\\\/wp-content\\\/uploads\\\/2022\\\/03\\\/Diseno-sin-titulo-2.png\",\"url\":\"https:\\\/\\\/herrera-traybel.com\\\/wp-content\\\/uploads\\\/2022\\\/03\\\/Diseno-sin-titulo-2.png\",\"contentUrl\":\"https:\\\/\\\/herrera-traybel.com\\\/wp-content\\\/uploads\\\/2022\\\/03\\\/Diseno-sin-titulo-2.png\",\"width\":500,\"height\":500,\"caption\":\"Juan Manuel\"},\"logo\":{\"@id\":\"https:\\\/\\\/herrera-traybel.com\\\/wp-content\\\/uploads\\\/2022\\\/03\\\/Diseno-sin-titulo-2.png\"},\"sameAs\":[\"https:\\\/\\\/herrera-traybel.com\"]}]}<\/script>\n<!-- \/ Yoast SEO plugin. -->","yoast_head_json":{"title":"About - Patagonia Infinita \/ The Book Of Patagonia","description":"Conozca mas sobre el autor, curador de un museo y ex-guia de parques nacionales. Get to know about the author, museum curator of an estancia.","robots":{"index":"index","follow":"follow","max-snippet":"max-snippet:-1","max-image-preview":"max-image-preview:large","max-video-preview":"max-video-preview:-1"},"canonical":"https:\/\/herrera-traybel.com\/?page_id=5","og_locale":"en_US","og_type":"article","og_title":"About - Patagonia Infinita \/ The Book Of Patagonia","og_description":"Conozca mas sobre el autor, curador de un museo y ex-guia de parques nacionales. Get to know about the author, museum curator of an estancia.","og_url":"https:\/\/herrera-traybel.com\/?page_id=5","og_site_name":"Patagonia Infinita \/ The Book Of Patagonia","article_modified_time":"2026-05-16T21:31:43+00:00","og_image":[{"url":"https:\/\/herrera-traybel.com\/wp-content\/uploads\/2026\/05\/DSC_6998-scaled.jpg","type":"","width":"","height":""}],"twitter_card":"summary_large_image","twitter_misc":{"Est. reading time":"3 minutes"},"schema":{"@context":"https:\/\/schema.org","@graph":[{"@type":"WebPage","@id":"https:\/\/herrera-traybel.com\/?page_id=5","url":"https:\/\/herrera-traybel.com\/?page_id=5","name":"About - Patagonia Infinita \/ The Book Of Patagonia","isPartOf":{"@id":"https:\/\/herrera-traybel.com\/#website"},"primaryImageOfPage":{"@id":"https:\/\/herrera-traybel.com\/?page_id=5#primaryimage"},"image":{"@id":"https:\/\/herrera-traybel.com\/?page_id=5#primaryimage"},"thumbnailUrl":"https:\/\/herrera-traybel.com\/wp-content\/uploads\/2026\/05\/DSC_6998-scaled.jpg","datePublished":"2026-04-06T12:49:08+00:00","dateModified":"2026-05-16T21:31:43+00:00","description":"Conozca mas sobre el autor, curador de un museo y ex-guia de parques nacionales. Get to know about the author, museum curator of an estancia.","breadcrumb":{"@id":"https:\/\/herrera-traybel.com\/?page_id=5#breadcrumb"},"inLanguage":"en-US","potentialAction":[{"@type":"ReadAction","target":["https:\/\/herrera-traybel.com\/?page_id=5"]}]},{"@type":"ImageObject","inLanguage":"en-US","@id":"https:\/\/herrera-traybel.com\/?page_id=5#primaryimage","url":"https:\/\/i0.wp.com\/herrera-traybel.com\/wp-content\/uploads\/2026\/05\/DSC_6998-scaled.jpg?fit=2560%2C1440&ssl=1","contentUrl":"https:\/\/i0.wp.com\/herrera-traybel.com\/wp-content\/uploads\/2026\/05\/DSC_6998-scaled.jpg?fit=2560%2C1440&ssl=1","width":2560,"height":1440},{"@type":"BreadcrumbList","@id":"https:\/\/herrera-traybel.com\/?page_id=5#breadcrumb","itemListElement":[{"@type":"ListItem","position":1,"name":"Home","item":"https:\/\/herrera-traybel.com\/"},{"@type":"ListItem","position":2,"name":"About"}]},{"@type":"WebSite","@id":"https:\/\/herrera-traybel.com\/#website","url":"https:\/\/herrera-traybel.com\/","name":"Patagonia Infinita \/ The Book Of Patagonia","description":"Libro de historia de la Patagonia","publisher":{"@id":"https:\/\/herrera-traybel.com\/#\/schema\/person\/5568d5fc94d31a26ae94c6a1275b7267"},"potentialAction":[{"@type":"SearchAction","target":{"@type":"EntryPoint","urlTemplate":"https:\/\/herrera-traybel.com\/?s={search_term_string}"},"query-input":{"@type":"PropertyValueSpecification","valueRequired":true,"valueName":"search_term_string"}}],"inLanguage":"en-US"},{"@type":["Person","Organization"],"@id":"https:\/\/herrera-traybel.com\/#\/schema\/person\/5568d5fc94d31a26ae94c6a1275b7267","name":"Juan Manuel","image":{"@type":"ImageObject","inLanguage":"en-US","@id":"https:\/\/herrera-traybel.com\/wp-content\/uploads\/2022\/03\/Diseno-sin-titulo-2.png","url":"https:\/\/herrera-traybel.com\/wp-content\/uploads\/2022\/03\/Diseno-sin-titulo-2.png","contentUrl":"https:\/\/herrera-traybel.com\/wp-content\/uploads\/2022\/03\/Diseno-sin-titulo-2.png","width":500,"height":500,"caption":"Juan Manuel"},"logo":{"@id":"https:\/\/herrera-traybel.com\/wp-content\/uploads\/2022\/03\/Diseno-sin-titulo-2.png"},"sameAs":["https:\/\/herrera-traybel.com"]}]}},"jetpack_sharing_enabled":true,"_links":{"self":[{"href":"https:\/\/herrera-traybel.com\/index.php?rest_route=\/wp\/v2\/pages\/5","targetHints":{"allow":["GET"]}}],"collection":[{"href":"https:\/\/herrera-traybel.com\/index.php?rest_route=\/wp\/v2\/pages"}],"about":[{"href":"https:\/\/herrera-traybel.com\/index.php?rest_route=\/wp\/v2\/types\/page"}],"author":[{"embeddable":true,"href":"https:\/\/herrera-traybel.com\/index.php?rest_route=\/wp\/v2\/users\/1"}],"replies":[{"embeddable":true,"href":"https:\/\/herrera-traybel.com\/index.php?rest_route=%2Fwp%2Fv2%2Fcomments&post=5"}],"version-history":[{"count":3,"href":"https:\/\/herrera-traybel.com\/index.php?rest_route=\/wp\/v2\/pages\/5\/revisions"}],"predecessor-version":[{"id":495,"href":"https:\/\/herrera-traybel.com\/index.php?rest_route=\/wp\/v2\/pages\/5\/revisions\/495"}],"wp:attachment":[{"href":"https:\/\/herrera-traybel.com\/index.php?rest_route=%2Fwp%2Fv2%2Fmedia&parent=5"}],"curies":[{"name":"wp","href":"https:\/\/api.w.org\/{rel}","templated":true}]}}